{"id":5782,"date":"2025-11-04T10:32:32","date_gmt":"2025-11-04T09:32:32","guid":{"rendered":"https:\/\/bartholet.swiss\/?page_id=5782"},"modified":"2026-01-08T11:00:27","modified_gmt":"2026-01-08T10:00:27","slug":"portrait","status":"publish","type":"page","link":"https:\/\/www.bartholet.swiss\/fr\/entreprise\/portrait\/","title":{"rendered":"Portrait"},"content":{"rendered":"","protected":false},"excerpt":{"rendered":"","protected":false},"author":2,"featured_media":0,"parent":3411,"menu_order":128,"comment_status":"closed","ping_status":"closed","template":"","meta":{"_acf_changed":false,"footnotes":""},"class_list":["post-5782","page","type-page","status-publish","hentry"],"acf":[],"yoast_head":"<!-- This site is optimized with the Yoast SEO plugin v26.7 - https:\/\/yoast.com\/wordpress\/plugins\/seo\/ -->\n<title>Entreprise suisse de t\u00e9l\u00e9ph\u00e9riques \u2013 Portrait<\/title>\n<meta name=\"description\" content=\"Fabricant suisse de syst\u00e8mes de transport par c\u00e2ble avec expertise, innovation et qualit\u00e9 industrielle.\" \/>\n<meta name=\"robots\" content=\"index, follow, max-snippet:-1, max-image-preview:large, max-video-preview:-1\" \/>\n<link rel=\"canonical\" href=\"https:\/\/www.bartholet.swiss\/fr\/entreprise\/portrait\/\" \/>\n<meta property=\"og:locale\" content=\"fr_FR\" \/>\n<meta property=\"og:type\" content=\"article\" \/>\n<meta property=\"og:title\" content=\"Entreprise suisse de t\u00e9l\u00e9ph\u00e9riques \u2013 Portrait\" \/>\n<meta property=\"og:description\" content=\"Fabricant suisse de syst\u00e8mes de transport par c\u00e2ble avec expertise, innovation et qualit\u00e9 industrielle.\" \/>\n<meta property=\"og:url\" content=\"https:\/\/www.bartholet.swiss\/fr\/entreprise\/portrait\/\" \/>\n<meta property=\"og:site_name\" content=\"Bartholet\" \/>\n<meta property=\"article:modified_time\" content=\"2026-01-08T10:00:27+00:00\" \/>\n<meta name=\"twitter:card\" content=\"summary_large_image\" \/>\n<script type=\"application\/ld+json\" class=\"yoast-schema-graph\">{\"@context\":\"https:\/\/schema.org\",\"@graph\":[{\"@type\":\"WebPage\",\"@id\":\"https:\/\/www.bartholet.swiss\/fr\/entreprise\/portrait\/\",\"url\":\"https:\/\/www.bartholet.swiss\/fr\/entreprise\/portrait\/\",\"name\":\"Entreprise suisse de t\u00e9l\u00e9ph\u00e9riques \u2013 Portrait\",\"isPartOf\":{\"@id\":\"https:\/\/www.bartholet.swiss\/fr\/#website\"},\"datePublished\":\"2025-11-04T09:32:32+00:00\",\"dateModified\":\"2026-01-08T10:00:27+00:00\",\"description\":\"Fabricant suisse de syst\u00e8mes de transport par c\u00e2ble avec expertise, innovation et qualit\u00e9 industrielle.\",\"breadcrumb\":{\"@id\":\"https:\/\/www.bartholet.swiss\/fr\/entreprise\/portrait\/#breadcrumb\"},\"inLanguage\":\"fr-FR\",\"potentialAction\":[{\"@type\":\"ReadAction\",\"target\":[\"https:\/\/www.bartholet.swiss\/fr\/entreprise\/portrait\/\"]}]},{\"@type\":\"BreadcrumbList\",\"@id\":\"https:\/\/www.bartholet.swiss\/fr\/entreprise\/portrait\/#breadcrumb\",\"itemListElement\":[{\"@type\":\"ListItem\",\"position\":1,\"name\":\"Startseite\",\"item\":\"https:\/\/www.bartholet.swiss\/fr\/\"},{\"@type\":\"ListItem\",\"position\":2,\"name\":\"Entreprise\",\"item\":\"https:\/\/www.bartholet.swiss\/fr\/entreprise\/\"},{\"@type\":\"ListItem\",\"position\":3,\"name\":\"Portrait\"}]},{\"@type\":\"WebSite\",\"@id\":\"https:\/\/www.bartholet.swiss\/fr\/#website\",\"url\":\"https:\/\/www.bartholet.swiss\/fr\/\",\"name\":\"Bartholet\",\"description\":\"\",\"potentialAction\":[{\"@type\":\"SearchAction\",\"target\":{\"@type\":\"EntryPoint\",\"urlTemplate\":\"https:\/\/www.bartholet.swiss\/fr\/?s={search_term_string}\"},\"query-input\":{\"@type\":\"PropertyValueSpecification\",\"valueRequired\":true,\"valueName\":\"search_term_string\"}}],\"inLanguage\":\"fr-FR\"}]}<\/script>\n<!-- \/ Yoast SEO plugin. -->","yoast_head_json":{"title":"Entreprise suisse de t\u00e9l\u00e9ph\u00e9riques \u2013 Portrait","description":"Fabricant suisse de syst\u00e8mes de transport par c\u00e2ble avec expertise, innovation et qualit\u00e9 industrielle.","robots":{"index":"index","follow":"follow","max-snippet":"max-snippet:-1","max-image-preview":"max-image-preview:large","max-video-preview":"max-video-preview:-1"},"canonical":"https:\/\/www.bartholet.swiss\/fr\/entreprise\/portrait\/","og_locale":"fr_FR","og_type":"article","og_title":"Entreprise suisse de t\u00e9l\u00e9ph\u00e9riques \u2013 Portrait","og_description":"Fabricant suisse de syst\u00e8mes de transport par c\u00e2ble avec expertise, innovation et qualit\u00e9 industrielle.","og_url":"https:\/\/www.bartholet.swiss\/fr\/entreprise\/portrait\/","og_site_name":"Bartholet","article_modified_time":"2026-01-08T10:00:27+00:00","twitter_card":"summary_large_image","schema":{"@context":"https:\/\/schema.org","@graph":[{"@type":"WebPage","@id":"https:\/\/www.bartholet.swiss\/fr\/entreprise\/portrait\/","url":"https:\/\/www.bartholet.swiss\/fr\/entreprise\/portrait\/","name":"Entreprise suisse de t\u00e9l\u00e9ph\u00e9riques \u2013 Portrait","isPartOf":{"@id":"https:\/\/www.bartholet.swiss\/fr\/#website"},"datePublished":"2025-11-04T09:32:32+00:00","dateModified":"2026-01-08T10:00:27+00:00","description":"Fabricant suisse de syst\u00e8mes de transport par c\u00e2ble avec expertise, innovation et qualit\u00e9 industrielle.","breadcrumb":{"@id":"https:\/\/www.bartholet.swiss\/fr\/entreprise\/portrait\/#breadcrumb"},"inLanguage":"fr-FR","potentialAction":[{"@type":"ReadAction","target":["https:\/\/www.bartholet.swiss\/fr\/entreprise\/portrait\/"]}]},{"@type":"BreadcrumbList","@id":"https:\/\/www.bartholet.swiss\/fr\/entreprise\/portrait\/#breadcrumb","itemListElement":[{"@type":"ListItem","position":1,"name":"Startseite","item":"https:\/\/www.bartholet.swiss\/fr\/"},{"@type":"ListItem","position":2,"name":"Entreprise","item":"https:\/\/www.bartholet.swiss\/fr\/entreprise\/"},{"@type":"ListItem","position":3,"name":"Portrait"}]},{"@type":"WebSite","@id":"https:\/\/www.bartholet.swiss\/fr\/#website","url":"https:\/\/www.bartholet.swiss\/fr\/","name":"Bartholet","description":"","potentialAction":[{"@type":"SearchAction","target":{"@type":"EntryPoint","urlTemplate":"https:\/\/www.bartholet.swiss\/fr\/?s={search_term_string}"},"query-input":{"@type":"PropertyValueSpecification","valueRequired":true,"valueName":"search_term_string"}}],"inLanguage":"fr-FR"}]}},"_links":{"self":[{"href":"https:\/\/www.bartholet.swiss\/fr\/wp-json\/wp\/v2\/pages\/5782","targetHints":{"allow":["GET"]}}],"collection":[{"href":"https:\/\/www.bartholet.swiss\/fr\/wp-json\/wp\/v2\/pages"}],"about":[{"href":"https:\/\/www.bartholet.swiss\/fr\/wp-json\/wp\/v2\/types\/page"}],"author":[{"embeddable":true,"href":"https:\/\/www.bartholet.swiss\/fr\/wp-json\/wp\/v2\/users\/2"}],"replies":[{"embeddable":true,"href":"https:\/\/www.bartholet.swiss\/fr\/wp-json\/wp\/v2\/comments?post=5782"}],"version-history":[{"count":2,"href":"https:\/\/www.bartholet.swiss\/fr\/wp-json\/wp\/v2\/pages\/5782\/revisions"}],"predecessor-version":[{"id":5786,"href":"https:\/\/www.bartholet.swiss\/fr\/wp-json\/wp\/v2\/pages\/5782\/revisions\/5786"}],"up":[{"embeddable":true,"href":"https:\/\/www.bartholet.swiss\/fr\/wp-json\/wp\/v2\/pages\/3411"}],"wp:attachment":[{"href":"https:\/\/www.bartholet.swiss\/fr\/wp-json\/wp\/v2\/media?parent=5782"}],"curies":[{"name":"wp","href":"https:\/\/api.w.org\/{rel}","templated":true}]}}