{"id":3420,"date":"2025-11-04T10:32:47","date_gmt":"2025-11-04T09:32:47","guid":{"rendered":"https:\/\/bartholet.swiss\/?page_id=3420"},"modified":"2026-01-08T11:02:47","modified_gmt":"2026-01-08T10:02:47","slug":"assurance-qualite","status":"publish","type":"page","link":"https:\/\/www.bartholet.swiss\/fr\/entreprise\/assurance-qualite\/","title":{"rendered":"Assurance qualit\u00e9"},"content":{"rendered":"","protected":false},"excerpt":{"rendered":"","protected":false},"author":2,"featured_media":0,"parent":3411,"menu_order":136,"comment_status":"closed","ping_status":"closed","template":"","meta":{"_acf_changed":false,"footnotes":""},"class_list":["post-3420","page","type-page","status-publish","hentry"],"acf":[],"yoast_head":"<!-- This site is optimized with the Yoast SEO plugin v26.7 - https:\/\/yoast.com\/wordpress\/plugins\/seo\/ -->\n<title>Assurance qualit\u00e9 &amp; certifications<\/title>\n<meta name=\"description\" content=\"Processus certifi\u00e9s, contr\u00f4les qualit\u00e9 et standards \u00e9lev\u00e9s pour syst\u00e8mes de t\u00e9l\u00e9ph\u00e9riques fiables.\" \/>\n<meta name=\"robots\" content=\"index, follow, max-snippet:-1, max-image-preview:large, max-video-preview:-1\" \/>\n<link rel=\"canonical\" href=\"https:\/\/www.bartholet.swiss\/fr\/entreprise\/assurance-qualite\/\" \/>\n<meta property=\"og:locale\" content=\"fr_FR\" \/>\n<meta property=\"og:type\" content=\"article\" \/>\n<meta property=\"og:title\" content=\"Assurance qualit\u00e9 &amp; certifications\" \/>\n<meta property=\"og:description\" content=\"Processus certifi\u00e9s, contr\u00f4les qualit\u00e9 et standards \u00e9lev\u00e9s pour syst\u00e8mes de t\u00e9l\u00e9ph\u00e9riques fiables.\" \/>\n<meta property=\"og:url\" content=\"https:\/\/www.bartholet.swiss\/fr\/entreprise\/assurance-qualite\/\" \/>\n<meta property=\"og:site_name\" content=\"Bartholet\" \/>\n<meta property=\"article:modified_time\" content=\"2026-01-08T10:02:47+00:00\" \/>\n<meta name=\"twitter:card\" content=\"summary_large_image\" \/>\n<script type=\"application\/ld+json\" class=\"yoast-schema-graph\">{\"@context\":\"https:\/\/schema.org\",\"@graph\":[{\"@type\":\"WebPage\",\"@id\":\"https:\/\/www.bartholet.swiss\/fr\/entreprise\/assurance-qualite\/\",\"url\":\"https:\/\/www.bartholet.swiss\/fr\/entreprise\/assurance-qualite\/\",\"name\":\"Assurance qualit\u00e9 & certifications\",\"isPartOf\":{\"@id\":\"https:\/\/www.bartholet.swiss\/fr\/#website\"},\"datePublished\":\"2025-11-04T09:32:47+00:00\",\"dateModified\":\"2026-01-08T10:02:47+00:00\",\"description\":\"Processus certifi\u00e9s, contr\u00f4les qualit\u00e9 et standards \u00e9lev\u00e9s pour syst\u00e8mes de t\u00e9l\u00e9ph\u00e9riques fiables.\",\"breadcrumb\":{\"@id\":\"https:\/\/www.bartholet.swiss\/fr\/entreprise\/assurance-qualite\/#breadcrumb\"},\"inLanguage\":\"fr-FR\",\"potentialAction\":[{\"@type\":\"ReadAction\",\"target\":[\"https:\/\/www.bartholet.swiss\/fr\/entreprise\/assurance-qualite\/\"]}]},{\"@type\":\"BreadcrumbList\",\"@id\":\"https:\/\/www.bartholet.swiss\/fr\/entreprise\/assurance-qualite\/#breadcrumb\",\"itemListElement\":[{\"@type\":\"ListItem\",\"position\":1,\"name\":\"Startseite\",\"item\":\"https:\/\/www.bartholet.swiss\/fr\/\"},{\"@type\":\"ListItem\",\"position\":2,\"name\":\"Entreprise\",\"item\":\"https:\/\/www.bartholet.swiss\/fr\/entreprise\/\"},{\"@type\":\"ListItem\",\"position\":3,\"name\":\"Assurance qualit\u00e9\"}]},{\"@type\":\"WebSite\",\"@id\":\"https:\/\/www.bartholet.swiss\/fr\/#website\",\"url\":\"https:\/\/www.bartholet.swiss\/fr\/\",\"name\":\"Bartholet\",\"description\":\"\",\"potentialAction\":[{\"@type\":\"SearchAction\",\"target\":{\"@type\":\"EntryPoint\",\"urlTemplate\":\"https:\/\/www.bartholet.swiss\/fr\/?s={search_term_string}\"},\"query-input\":{\"@type\":\"PropertyValueSpecification\",\"valueRequired\":true,\"valueName\":\"search_term_string\"}}],\"inLanguage\":\"fr-FR\"}]}<\/script>\n<!-- \/ Yoast SEO plugin. -->","yoast_head_json":{"title":"Assurance qualit\u00e9 & certifications","description":"Processus certifi\u00e9s, contr\u00f4les qualit\u00e9 et standards \u00e9lev\u00e9s pour syst\u00e8mes de t\u00e9l\u00e9ph\u00e9riques fiables.","robots":{"index":"index","follow":"follow","max-snippet":"max-snippet:-1","max-image-preview":"max-image-preview:large","max-video-preview":"max-video-preview:-1"},"canonical":"https:\/\/www.bartholet.swiss\/fr\/entreprise\/assurance-qualite\/","og_locale":"fr_FR","og_type":"article","og_title":"Assurance qualit\u00e9 & certifications","og_description":"Processus certifi\u00e9s, contr\u00f4les qualit\u00e9 et standards \u00e9lev\u00e9s pour syst\u00e8mes de t\u00e9l\u00e9ph\u00e9riques fiables.","og_url":"https:\/\/www.bartholet.swiss\/fr\/entreprise\/assurance-qualite\/","og_site_name":"Bartholet","article_modified_time":"2026-01-08T10:02:47+00:00","twitter_card":"summary_large_image","schema":{"@context":"https:\/\/schema.org","@graph":[{"@type":"WebPage","@id":"https:\/\/www.bartholet.swiss\/fr\/entreprise\/assurance-qualite\/","url":"https:\/\/www.bartholet.swiss\/fr\/entreprise\/assurance-qualite\/","name":"Assurance qualit\u00e9 & certifications","isPartOf":{"@id":"https:\/\/www.bartholet.swiss\/fr\/#website"},"datePublished":"2025-11-04T09:32:47+00:00","dateModified":"2026-01-08T10:02:47+00:00","description":"Processus certifi\u00e9s, contr\u00f4les qualit\u00e9 et standards \u00e9lev\u00e9s pour syst\u00e8mes de t\u00e9l\u00e9ph\u00e9riques fiables.","breadcrumb":{"@id":"https:\/\/www.bartholet.swiss\/fr\/entreprise\/assurance-qualite\/#breadcrumb"},"inLanguage":"fr-FR","potentialAction":[{"@type":"ReadAction","target":["https:\/\/www.bartholet.swiss\/fr\/entreprise\/assurance-qualite\/"]}]},{"@type":"BreadcrumbList","@id":"https:\/\/www.bartholet.swiss\/fr\/entreprise\/assurance-qualite\/#breadcrumb","itemListElement":[{"@type":"ListItem","position":1,"name":"Startseite","item":"https:\/\/www.bartholet.swiss\/fr\/"},{"@type":"ListItem","position":2,"name":"Entreprise","item":"https:\/\/www.bartholet.swiss\/fr\/entreprise\/"},{"@type":"ListItem","position":3,"name":"Assurance qualit\u00e9"}]},{"@type":"WebSite","@id":"https:\/\/www.bartholet.swiss\/fr\/#website","url":"https:\/\/www.bartholet.swiss\/fr\/","name":"Bartholet","description":"","potentialAction":[{"@type":"SearchAction","target":{"@type":"EntryPoint","urlTemplate":"https:\/\/www.bartholet.swiss\/fr\/?s={search_term_string}"},"query-input":{"@type":"PropertyValueSpecification","valueRequired":true,"valueName":"search_term_string"}}],"inLanguage":"fr-FR"}]}},"_links":{"self":[{"href":"https:\/\/www.bartholet.swiss\/fr\/wp-json\/wp\/v2\/pages\/3420","targetHints":{"allow":["GET"]}}],"collection":[{"href":"https:\/\/www.bartholet.swiss\/fr\/wp-json\/wp\/v2\/pages"}],"about":[{"href":"https:\/\/www.bartholet.swiss\/fr\/wp-json\/wp\/v2\/types\/page"}],"author":[{"embeddable":true,"href":"https:\/\/www.bartholet.swiss\/fr\/wp-json\/wp\/v2\/users\/2"}],"replies":[{"embeddable":true,"href":"https:\/\/www.bartholet.swiss\/fr\/wp-json\/wp\/v2\/comments?post=3420"}],"version-history":[{"count":4,"href":"https:\/\/www.bartholet.swiss\/fr\/wp-json\/wp\/v2\/pages\/3420\/revisions"}],"predecessor-version":[{"id":3747,"href":"https:\/\/www.bartholet.swiss\/fr\/wp-json\/wp\/v2\/pages\/3420\/revisions\/3747"}],"up":[{"embeddable":true,"href":"https:\/\/www.bartholet.swiss\/fr\/wp-json\/wp\/v2\/pages\/3411"}],"wp:attachment":[{"href":"https:\/\/www.bartholet.swiss\/fr\/wp-json\/wp\/v2\/media?parent=3420"}],"curies":[{"name":"wp","href":"https:\/\/api.w.org\/{rel}","templated":true}]}}