{"id":3394,"date":"2025-11-04T10:30:49","date_gmt":"2025-11-04T09:30:49","guid":{"rendered":"https:\/\/bartholet.swiss\/?page_id=3394"},"modified":"2026-01-08T10:50:54","modified_gmt":"2026-01-08T09:50:54","slug":"highlights","status":"publish","type":"page","link":"https:\/\/www.bartholet.swiss\/fr\/autres-solutions\/highlights\/","title":{"rendered":"HighLights"},"content":{"rendered":"","protected":false},"excerpt":{"rendered":"","protected":false},"author":2,"featured_media":0,"parent":3383,"menu_order":103,"comment_status":"closed","ping_status":"closed","template":"","meta":{"_acf_changed":false,"footnotes":""},"class_list":["post-3394","page","type-page","status-publish","hentry"],"acf":[],"yoast_head":"<!-- This site is optimized with the Yoast SEO plugin v26.7 - https:\/\/yoast.com\/wordpress\/plugins\/seo\/ -->\n<title>\u00c9clairage LED &amp; m\u00e2ts d\u2019\u00e9clairage | Bartholet Ropeways AG<\/title>\n<meta name=\"description\" content=\"\u00c9clairage LED pour a\u00e9roports, m\u00e2ts d\u2019\u00e9clairage avec technologie de descente unique \u2013 efficace et innovant.\" \/>\n<meta name=\"robots\" content=\"index, follow, max-snippet:-1, max-image-preview:large, max-video-preview:-1\" \/>\n<link rel=\"canonical\" href=\"https:\/\/www.bartholet.swiss\/fr\/autres-solutions\/highlights\/\" \/>\n<meta property=\"og:locale\" content=\"fr_FR\" \/>\n<meta property=\"og:type\" content=\"article\" \/>\n<meta property=\"og:title\" content=\"\u00c9clairage LED &amp; m\u00e2ts d\u2019\u00e9clairage | Bartholet Ropeways AG\" \/>\n<meta property=\"og:description\" content=\"\u00c9clairage LED pour a\u00e9roports, m\u00e2ts d\u2019\u00e9clairage avec technologie de descente unique \u2013 efficace et innovant.\" \/>\n<meta property=\"og:url\" content=\"https:\/\/www.bartholet.swiss\/fr\/autres-solutions\/highlights\/\" \/>\n<meta property=\"og:site_name\" content=\"Bartholet\" \/>\n<meta property=\"article:modified_time\" content=\"2026-01-08T09:50:54+00:00\" \/>\n<meta name=\"twitter:card\" content=\"summary_large_image\" \/>\n<script type=\"application\/ld+json\" class=\"yoast-schema-graph\">{\"@context\":\"https:\/\/schema.org\",\"@graph\":[{\"@type\":\"WebPage\",\"@id\":\"https:\/\/www.bartholet.swiss\/fr\/autres-solutions\/highlights\/\",\"url\":\"https:\/\/www.bartholet.swiss\/fr\/autres-solutions\/highlights\/\",\"name\":\"\u00c9clairage LED & m\u00e2ts d\u2019\u00e9clairage | Bartholet Ropeways AG\",\"isPartOf\":{\"@id\":\"https:\/\/www.bartholet.swiss\/fr\/#website\"},\"datePublished\":\"2025-11-04T09:30:49+00:00\",\"dateModified\":\"2026-01-08T09:50:54+00:00\",\"description\":\"\u00c9clairage LED pour a\u00e9roports, m\u00e2ts d\u2019\u00e9clairage avec technologie de descente unique \u2013 efficace et innovant.\",\"breadcrumb\":{\"@id\":\"https:\/\/www.bartholet.swiss\/fr\/autres-solutions\/highlights\/#breadcrumb\"},\"inLanguage\":\"fr-FR\",\"potentialAction\":[{\"@type\":\"ReadAction\",\"target\":[\"https:\/\/www.bartholet.swiss\/fr\/autres-solutions\/highlights\/\"]}]},{\"@type\":\"BreadcrumbList\",\"@id\":\"https:\/\/www.bartholet.swiss\/fr\/autres-solutions\/highlights\/#breadcrumb\",\"itemListElement\":[{\"@type\":\"ListItem\",\"position\":1,\"name\":\"Startseite\",\"item\":\"https:\/\/www.bartholet.swiss\/fr\/\"},{\"@type\":\"ListItem\",\"position\":2,\"name\":\"Autres solutions\",\"item\":\"https:\/\/www.bartholet.swiss\/fr\/autres-solutions\/\"},{\"@type\":\"ListItem\",\"position\":3,\"name\":\"HighLights\"}]},{\"@type\":\"WebSite\",\"@id\":\"https:\/\/www.bartholet.swiss\/fr\/#website\",\"url\":\"https:\/\/www.bartholet.swiss\/fr\/\",\"name\":\"Bartholet\",\"description\":\"\",\"potentialAction\":[{\"@type\":\"SearchAction\",\"target\":{\"@type\":\"EntryPoint\",\"urlTemplate\":\"https:\/\/www.bartholet.swiss\/fr\/?s={search_term_string}\"},\"query-input\":{\"@type\":\"PropertyValueSpecification\",\"valueRequired\":true,\"valueName\":\"search_term_string\"}}],\"inLanguage\":\"fr-FR\"}]}<\/script>\n<!-- \/ Yoast SEO plugin. -->","yoast_head_json":{"title":"\u00c9clairage LED & m\u00e2ts d\u2019\u00e9clairage | Bartholet Ropeways AG","description":"\u00c9clairage LED pour a\u00e9roports, m\u00e2ts d\u2019\u00e9clairage avec technologie de descente unique \u2013 efficace et innovant.","robots":{"index":"index","follow":"follow","max-snippet":"max-snippet:-1","max-image-preview":"max-image-preview:large","max-video-preview":"max-video-preview:-1"},"canonical":"https:\/\/www.bartholet.swiss\/fr\/autres-solutions\/highlights\/","og_locale":"fr_FR","og_type":"article","og_title":"\u00c9clairage LED & m\u00e2ts d\u2019\u00e9clairage | Bartholet Ropeways AG","og_description":"\u00c9clairage LED pour a\u00e9roports, m\u00e2ts d\u2019\u00e9clairage avec technologie de descente unique \u2013 efficace et innovant.","og_url":"https:\/\/www.bartholet.swiss\/fr\/autres-solutions\/highlights\/","og_site_name":"Bartholet","article_modified_time":"2026-01-08T09:50:54+00:00","twitter_card":"summary_large_image","schema":{"@context":"https:\/\/schema.org","@graph":[{"@type":"WebPage","@id":"https:\/\/www.bartholet.swiss\/fr\/autres-solutions\/highlights\/","url":"https:\/\/www.bartholet.swiss\/fr\/autres-solutions\/highlights\/","name":"\u00c9clairage LED & m\u00e2ts d\u2019\u00e9clairage | Bartholet Ropeways AG","isPartOf":{"@id":"https:\/\/www.bartholet.swiss\/fr\/#website"},"datePublished":"2025-11-04T09:30:49+00:00","dateModified":"2026-01-08T09:50:54+00:00","description":"\u00c9clairage LED pour a\u00e9roports, m\u00e2ts d\u2019\u00e9clairage avec technologie de descente unique \u2013 efficace et innovant.","breadcrumb":{"@id":"https:\/\/www.bartholet.swiss\/fr\/autres-solutions\/highlights\/#breadcrumb"},"inLanguage":"fr-FR","potentialAction":[{"@type":"ReadAction","target":["https:\/\/www.bartholet.swiss\/fr\/autres-solutions\/highlights\/"]}]},{"@type":"BreadcrumbList","@id":"https:\/\/www.bartholet.swiss\/fr\/autres-solutions\/highlights\/#breadcrumb","itemListElement":[{"@type":"ListItem","position":1,"name":"Startseite","item":"https:\/\/www.bartholet.swiss\/fr\/"},{"@type":"ListItem","position":2,"name":"Autres solutions","item":"https:\/\/www.bartholet.swiss\/fr\/autres-solutions\/"},{"@type":"ListItem","position":3,"name":"HighLights"}]},{"@type":"WebSite","@id":"https:\/\/www.bartholet.swiss\/fr\/#website","url":"https:\/\/www.bartholet.swiss\/fr\/","name":"Bartholet","description":"","potentialAction":[{"@type":"SearchAction","target":{"@type":"EntryPoint","urlTemplate":"https:\/\/www.bartholet.swiss\/fr\/?s={search_term_string}"},"query-input":{"@type":"PropertyValueSpecification","valueRequired":true,"valueName":"search_term_string"}}],"inLanguage":"fr-FR"}]}},"_links":{"self":[{"href":"https:\/\/www.bartholet.swiss\/fr\/wp-json\/wp\/v2\/pages\/3394","targetHints":{"allow":["GET"]}}],"collection":[{"href":"https:\/\/www.bartholet.swiss\/fr\/wp-json\/wp\/v2\/pages"}],"about":[{"href":"https:\/\/www.bartholet.swiss\/fr\/wp-json\/wp\/v2\/types\/page"}],"author":[{"embeddable":true,"href":"https:\/\/www.bartholet.swiss\/fr\/wp-json\/wp\/v2\/users\/2"}],"replies":[{"embeddable":true,"href":"https:\/\/www.bartholet.swiss\/fr\/wp-json\/wp\/v2\/comments?post=3394"}],"version-history":[{"count":3,"href":"https:\/\/www.bartholet.swiss\/fr\/wp-json\/wp\/v2\/pages\/3394\/revisions"}],"predecessor-version":[{"id":5720,"href":"https:\/\/www.bartholet.swiss\/fr\/wp-json\/wp\/v2\/pages\/3394\/revisions\/5720"}],"up":[{"embeddable":true,"href":"https:\/\/www.bartholet.swiss\/fr\/wp-json\/wp\/v2\/pages\/3383"}],"wp:attachment":[{"href":"https:\/\/www.bartholet.swiss\/fr\/wp-json\/wp\/v2\/media?parent=3394"}],"curies":[{"name":"wp","href":"https:\/\/api.w.org\/{rel}","templated":true}]}}