{"id":3373,"date":"2025-11-04T10:31:30","date_gmt":"2025-11-04T09:31:30","guid":{"rendered":"https:\/\/bartholet.swiss\/?page_id=3373"},"modified":"2026-01-14T16:06:28","modified_gmt":"2026-01-14T15:06:28","slug":"traitement-des-surfaces","status":"publish","type":"page","link":"https:\/\/www.bartholet.swiss\/fr\/autres-solutions\/genie-mecanique\/traitement-des-surfaces\/","title":{"rendered":"Traitement des surfaces"},"content":{"rendered":"","protected":false},"excerpt":{"rendered":"","protected":false},"author":2,"featured_media":0,"parent":3366,"menu_order":114,"comment_status":"closed","ping_status":"closed","template":"","meta":{"_acf_changed":false,"footnotes":""},"class_list":["post-3373","page","type-page","status-publish","hentry"],"acf":[],"yoast_head":"<!-- This site is optimized with the Yoast SEO plugin v26.7 - https:\/\/yoast.com\/wordpress\/plugins\/seo\/ -->\n<title>Finition de surface &amp; travail des m\u00e9taux | Bartholet Ropeways AG<\/title>\n<meta name=\"description\" content=\"Finition de surface de haute qualit\u00e9 pour la construction m\u00e9canique, les remont\u00e9es m\u00e9caniques et les installations industrielles.\" \/>\n<meta name=\"robots\" content=\"index, follow, max-snippet:-1, max-image-preview:large, max-video-preview:-1\" \/>\n<link rel=\"canonical\" href=\"https:\/\/www.bartholet.swiss\/fr\/autres-solutions\/genie-mecanique\/traitement-des-surfaces\/\" \/>\n<meta property=\"og:locale\" content=\"fr_FR\" \/>\n<meta property=\"og:type\" content=\"article\" \/>\n<meta property=\"og:title\" content=\"Finition de surface &amp; travail des m\u00e9taux | Bartholet Ropeways AG\" \/>\n<meta property=\"og:description\" content=\"Finition de surface de haute qualit\u00e9 pour la construction m\u00e9canique, les remont\u00e9es m\u00e9caniques et les installations industrielles.\" \/>\n<meta property=\"og:url\" content=\"https:\/\/www.bartholet.swiss\/fr\/autres-solutions\/genie-mecanique\/traitement-des-surfaces\/\" \/>\n<meta property=\"og:site_name\" content=\"Bartholet\" \/>\n<meta property=\"article:modified_time\" content=\"2026-01-14T15:06:28+00:00\" \/>\n<meta name=\"twitter:card\" content=\"summary_large_image\" \/>\n<script type=\"application\/ld+json\" class=\"yoast-schema-graph\">{\"@context\":\"https:\/\/schema.org\",\"@graph\":[{\"@type\":\"WebPage\",\"@id\":\"https:\/\/www.bartholet.swiss\/fr\/autres-solutions\/genie-mecanique\/traitement-des-surfaces\/\",\"url\":\"https:\/\/www.bartholet.swiss\/fr\/autres-solutions\/genie-mecanique\/traitement-des-surfaces\/\",\"name\":\"Finition de surface & travail des m\u00e9taux | Bartholet Ropeways AG\",\"isPartOf\":{\"@id\":\"https:\/\/www.bartholet.swiss\/fr\/#website\"},\"datePublished\":\"2025-11-04T09:31:30+00:00\",\"dateModified\":\"2026-01-14T15:06:28+00:00\",\"description\":\"Finition de surface de haute qualit\u00e9 pour la construction m\u00e9canique, les remont\u00e9es m\u00e9caniques et les installations industrielles.\",\"breadcrumb\":{\"@id\":\"https:\/\/www.bartholet.swiss\/fr\/autres-solutions\/genie-mecanique\/traitement-des-surfaces\/#breadcrumb\"},\"inLanguage\":\"fr-FR\",\"potentialAction\":[{\"@type\":\"ReadAction\",\"target\":[\"https:\/\/www.bartholet.swiss\/fr\/autres-solutions\/genie-mecanique\/traitement-des-surfaces\/\"]}]},{\"@type\":\"BreadcrumbList\",\"@id\":\"https:\/\/www.bartholet.swiss\/fr\/autres-solutions\/genie-mecanique\/traitement-des-surfaces\/#breadcrumb\",\"itemListElement\":[{\"@type\":\"ListItem\",\"position\":1,\"name\":\"Startseite\",\"item\":\"https:\/\/www.bartholet.swiss\/fr\/\"},{\"@type\":\"ListItem\",\"position\":2,\"name\":\"Autres solutions\",\"item\":\"https:\/\/www.bartholet.swiss\/fr\/autres-solutions\/\"},{\"@type\":\"ListItem\",\"position\":3,\"name\":\"Construction m\u00e9canique\",\"item\":\"https:\/\/www.bartholet.swiss\/fr\/weitere-loesungen\/maschinenbau\/\"},{\"@type\":\"ListItem\",\"position\":4,\"name\":\"Traitement des surfaces\"}]},{\"@type\":\"WebSite\",\"@id\":\"https:\/\/www.bartholet.swiss\/fr\/#website\",\"url\":\"https:\/\/www.bartholet.swiss\/fr\/\",\"name\":\"Bartholet\",\"description\":\"\",\"potentialAction\":[{\"@type\":\"SearchAction\",\"target\":{\"@type\":\"EntryPoint\",\"urlTemplate\":\"https:\/\/www.bartholet.swiss\/fr\/?s={search_term_string}\"},\"query-input\":{\"@type\":\"PropertyValueSpecification\",\"valueRequired\":true,\"valueName\":\"search_term_string\"}}],\"inLanguage\":\"fr-FR\"}]}<\/script>\n<!-- \/ Yoast SEO plugin. -->","yoast_head_json":{"title":"Finition de surface & travail des m\u00e9taux | Bartholet Ropeways AG","description":"Finition de surface de haute qualit\u00e9 pour la construction m\u00e9canique, les remont\u00e9es m\u00e9caniques et les installations industrielles.","robots":{"index":"index","follow":"follow","max-snippet":"max-snippet:-1","max-image-preview":"max-image-preview:large","max-video-preview":"max-video-preview:-1"},"canonical":"https:\/\/www.bartholet.swiss\/fr\/autres-solutions\/genie-mecanique\/traitement-des-surfaces\/","og_locale":"fr_FR","og_type":"article","og_title":"Finition de surface & travail des m\u00e9taux | Bartholet Ropeways AG","og_description":"Finition de surface de haute qualit\u00e9 pour la construction m\u00e9canique, les remont\u00e9es m\u00e9caniques et les installations industrielles.","og_url":"https:\/\/www.bartholet.swiss\/fr\/autres-solutions\/genie-mecanique\/traitement-des-surfaces\/","og_site_name":"Bartholet","article_modified_time":"2026-01-14T15:06:28+00:00","twitter_card":"summary_large_image","schema":{"@context":"https:\/\/schema.org","@graph":[{"@type":"WebPage","@id":"https:\/\/www.bartholet.swiss\/fr\/autres-solutions\/genie-mecanique\/traitement-des-surfaces\/","url":"https:\/\/www.bartholet.swiss\/fr\/autres-solutions\/genie-mecanique\/traitement-des-surfaces\/","name":"Finition de surface & travail des m\u00e9taux | Bartholet Ropeways AG","isPartOf":{"@id":"https:\/\/www.bartholet.swiss\/fr\/#website"},"datePublished":"2025-11-04T09:31:30+00:00","dateModified":"2026-01-14T15:06:28+00:00","description":"Finition de surface de haute qualit\u00e9 pour la construction m\u00e9canique, les remont\u00e9es m\u00e9caniques et les installations industrielles.","breadcrumb":{"@id":"https:\/\/www.bartholet.swiss\/fr\/autres-solutions\/genie-mecanique\/traitement-des-surfaces\/#breadcrumb"},"inLanguage":"fr-FR","potentialAction":[{"@type":"ReadAction","target":["https:\/\/www.bartholet.swiss\/fr\/autres-solutions\/genie-mecanique\/traitement-des-surfaces\/"]}]},{"@type":"BreadcrumbList","@id":"https:\/\/www.bartholet.swiss\/fr\/autres-solutions\/genie-mecanique\/traitement-des-surfaces\/#breadcrumb","itemListElement":[{"@type":"ListItem","position":1,"name":"Startseite","item":"https:\/\/www.bartholet.swiss\/fr\/"},{"@type":"ListItem","position":2,"name":"Autres solutions","item":"https:\/\/www.bartholet.swiss\/fr\/autres-solutions\/"},{"@type":"ListItem","position":3,"name":"Construction m\u00e9canique","item":"https:\/\/www.bartholet.swiss\/fr\/weitere-loesungen\/maschinenbau\/"},{"@type":"ListItem","position":4,"name":"Traitement des surfaces"}]},{"@type":"WebSite","@id":"https:\/\/www.bartholet.swiss\/fr\/#website","url":"https:\/\/www.bartholet.swiss\/fr\/","name":"Bartholet","description":"","potentialAction":[{"@type":"SearchAction","target":{"@type":"EntryPoint","urlTemplate":"https:\/\/www.bartholet.swiss\/fr\/?s={search_term_string}"},"query-input":{"@type":"PropertyValueSpecification","valueRequired":true,"valueName":"search_term_string"}}],"inLanguage":"fr-FR"}]}},"_links":{"self":[{"href":"https:\/\/www.bartholet.swiss\/fr\/wp-json\/wp\/v2\/pages\/3373","targetHints":{"allow":["GET"]}}],"collection":[{"href":"https:\/\/www.bartholet.swiss\/fr\/wp-json\/wp\/v2\/pages"}],"about":[{"href":"https:\/\/www.bartholet.swiss\/fr\/wp-json\/wp\/v2\/types\/page"}],"author":[{"embeddable":true,"href":"https:\/\/www.bartholet.swiss\/fr\/wp-json\/wp\/v2\/users\/2"}],"replies":[{"embeddable":true,"href":"https:\/\/www.bartholet.swiss\/fr\/wp-json\/wp\/v2\/comments?post=3373"}],"version-history":[{"count":4,"href":"https:\/\/www.bartholet.swiss\/fr\/wp-json\/wp\/v2\/pages\/3373\/revisions"}],"predecessor-version":[{"id":6811,"href":"https:\/\/www.bartholet.swiss\/fr\/wp-json\/wp\/v2\/pages\/3373\/revisions\/6811"}],"up":[{"embeddable":true,"href":"https:\/\/www.bartholet.swiss\/fr\/wp-json\/wp\/v2\/pages\/3366"}],"wp:attachment":[{"href":"https:\/\/www.bartholet.swiss\/fr\/wp-json\/wp\/v2\/media?parent=3373"}],"curies":[{"name":"wp","href":"https:\/\/api.w.org\/{rel}","templated":true}]}}