{"id":3362,"date":"2025-11-04T10:29:50","date_gmt":"2025-11-04T09:29:50","guid":{"rendered":"https:\/\/bartholet.swiss\/?page_id=3362"},"modified":"2026-01-08T10:46:23","modified_gmt":"2026-01-08T09:46:23","slug":"controle-non-destructif","status":"publish","type":"page","link":"https:\/\/www.bartholet.swiss\/fr\/service\/controle-non-destructif\/","title":{"rendered":"Contr\u00f4le non destructif"},"content":{"rendered":"","protected":false},"excerpt":{"rendered":"","protected":false},"author":2,"featured_media":0,"parent":3341,"menu_order":96,"comment_status":"closed","ping_status":"closed","template":"","meta":{"_acf_changed":false,"footnotes":""},"class_list":["post-3362","page","type-page","status-publish","hentry"],"acf":[],"yoast_head":"<!-- This site is optimized with the Yoast SEO plugin v26.7 - https:\/\/yoast.com\/wordpress\/plugins\/seo\/ -->\n<title>Contr\u00f4le non destructif &amp; s\u00e9curit\u00e9 | Bartholet Ropeways AG<\/title>\n<meta name=\"description\" content=\"Contr\u00f4les non destructifs professionnels pour les syst\u00e8mes de transport par c\u00e2ble \u2013 fiables, pr\u00e9cis et conformes aux normes.\" \/>\n<meta name=\"robots\" content=\"index, follow, max-snippet:-1, max-image-preview:large, max-video-preview:-1\" \/>\n<link rel=\"canonical\" href=\"https:\/\/www.bartholet.swiss\/fr\/service\/controle-non-destructif\/\" \/>\n<meta property=\"og:locale\" content=\"fr_FR\" \/>\n<meta property=\"og:type\" content=\"article\" \/>\n<meta property=\"og:title\" content=\"Contr\u00f4le non destructif &amp; s\u00e9curit\u00e9 | Bartholet Ropeways AG\" \/>\n<meta property=\"og:description\" content=\"Contr\u00f4les non destructifs professionnels pour les syst\u00e8mes de transport par c\u00e2ble \u2013 fiables, pr\u00e9cis et conformes aux normes.\" \/>\n<meta property=\"og:url\" content=\"https:\/\/www.bartholet.swiss\/fr\/service\/controle-non-destructif\/\" \/>\n<meta property=\"og:site_name\" content=\"Bartholet\" \/>\n<meta property=\"article:modified_time\" content=\"2026-01-08T09:46:23+00:00\" \/>\n<meta name=\"twitter:card\" content=\"summary_large_image\" \/>\n<script type=\"application\/ld+json\" class=\"yoast-schema-graph\">{\"@context\":\"https:\/\/schema.org\",\"@graph\":[{\"@type\":\"WebPage\",\"@id\":\"https:\/\/www.bartholet.swiss\/fr\/service\/controle-non-destructif\/\",\"url\":\"https:\/\/www.bartholet.swiss\/fr\/service\/controle-non-destructif\/\",\"name\":\"Contr\u00f4le non destructif & s\u00e9curit\u00e9 | Bartholet Ropeways AG\",\"isPartOf\":{\"@id\":\"https:\/\/www.bartholet.swiss\/fr\/#website\"},\"datePublished\":\"2025-11-04T09:29:50+00:00\",\"dateModified\":\"2026-01-08T09:46:23+00:00\",\"description\":\"Contr\u00f4les non destructifs professionnels pour les syst\u00e8mes de transport par c\u00e2ble \u2013 fiables, pr\u00e9cis et conformes aux normes.\",\"breadcrumb\":{\"@id\":\"https:\/\/www.bartholet.swiss\/fr\/service\/controle-non-destructif\/#breadcrumb\"},\"inLanguage\":\"fr-FR\",\"potentialAction\":[{\"@type\":\"ReadAction\",\"target\":[\"https:\/\/www.bartholet.swiss\/fr\/service\/controle-non-destructif\/\"]}]},{\"@type\":\"BreadcrumbList\",\"@id\":\"https:\/\/www.bartholet.swiss\/fr\/service\/controle-non-destructif\/#breadcrumb\",\"itemListElement\":[{\"@type\":\"ListItem\",\"position\":1,\"name\":\"Startseite\",\"item\":\"https:\/\/www.bartholet.swiss\/fr\/\"},{\"@type\":\"ListItem\",\"position\":2,\"name\":\"Service\",\"item\":\"https:\/\/www.bartholet.swiss\/fr\/service\/\"},{\"@type\":\"ListItem\",\"position\":3,\"name\":\"Contr\u00f4le non destructif\"}]},{\"@type\":\"WebSite\",\"@id\":\"https:\/\/www.bartholet.swiss\/fr\/#website\",\"url\":\"https:\/\/www.bartholet.swiss\/fr\/\",\"name\":\"Bartholet\",\"description\":\"\",\"potentialAction\":[{\"@type\":\"SearchAction\",\"target\":{\"@type\":\"EntryPoint\",\"urlTemplate\":\"https:\/\/www.bartholet.swiss\/fr\/?s={search_term_string}\"},\"query-input\":{\"@type\":\"PropertyValueSpecification\",\"valueRequired\":true,\"valueName\":\"search_term_string\"}}],\"inLanguage\":\"fr-FR\"}]}<\/script>\n<!-- \/ Yoast SEO plugin. -->","yoast_head_json":{"title":"Contr\u00f4le non destructif & s\u00e9curit\u00e9 | Bartholet Ropeways AG","description":"Contr\u00f4les non destructifs professionnels pour les syst\u00e8mes de transport par c\u00e2ble \u2013 fiables, pr\u00e9cis et conformes aux normes.","robots":{"index":"index","follow":"follow","max-snippet":"max-snippet:-1","max-image-preview":"max-image-preview:large","max-video-preview":"max-video-preview:-1"},"canonical":"https:\/\/www.bartholet.swiss\/fr\/service\/controle-non-destructif\/","og_locale":"fr_FR","og_type":"article","og_title":"Contr\u00f4le non destructif & s\u00e9curit\u00e9 | Bartholet Ropeways AG","og_description":"Contr\u00f4les non destructifs professionnels pour les syst\u00e8mes de transport par c\u00e2ble \u2013 fiables, pr\u00e9cis et conformes aux normes.","og_url":"https:\/\/www.bartholet.swiss\/fr\/service\/controle-non-destructif\/","og_site_name":"Bartholet","article_modified_time":"2026-01-08T09:46:23+00:00","twitter_card":"summary_large_image","schema":{"@context":"https:\/\/schema.org","@graph":[{"@type":"WebPage","@id":"https:\/\/www.bartholet.swiss\/fr\/service\/controle-non-destructif\/","url":"https:\/\/www.bartholet.swiss\/fr\/service\/controle-non-destructif\/","name":"Contr\u00f4le non destructif & s\u00e9curit\u00e9 | Bartholet Ropeways AG","isPartOf":{"@id":"https:\/\/www.bartholet.swiss\/fr\/#website"},"datePublished":"2025-11-04T09:29:50+00:00","dateModified":"2026-01-08T09:46:23+00:00","description":"Contr\u00f4les non destructifs professionnels pour les syst\u00e8mes de transport par c\u00e2ble \u2013 fiables, pr\u00e9cis et conformes aux normes.","breadcrumb":{"@id":"https:\/\/www.bartholet.swiss\/fr\/service\/controle-non-destructif\/#breadcrumb"},"inLanguage":"fr-FR","potentialAction":[{"@type":"ReadAction","target":["https:\/\/www.bartholet.swiss\/fr\/service\/controle-non-destructif\/"]}]},{"@type":"BreadcrumbList","@id":"https:\/\/www.bartholet.swiss\/fr\/service\/controle-non-destructif\/#breadcrumb","itemListElement":[{"@type":"ListItem","position":1,"name":"Startseite","item":"https:\/\/www.bartholet.swiss\/fr\/"},{"@type":"ListItem","position":2,"name":"Service","item":"https:\/\/www.bartholet.swiss\/fr\/service\/"},{"@type":"ListItem","position":3,"name":"Contr\u00f4le non destructif"}]},{"@type":"WebSite","@id":"https:\/\/www.bartholet.swiss\/fr\/#website","url":"https:\/\/www.bartholet.swiss\/fr\/","name":"Bartholet","description":"","potentialAction":[{"@type":"SearchAction","target":{"@type":"EntryPoint","urlTemplate":"https:\/\/www.bartholet.swiss\/fr\/?s={search_term_string}"},"query-input":{"@type":"PropertyValueSpecification","valueRequired":true,"valueName":"search_term_string"}}],"inLanguage":"fr-FR"}]}},"_links":{"self":[{"href":"https:\/\/www.bartholet.swiss\/fr\/wp-json\/wp\/v2\/pages\/3362","targetHints":{"allow":["GET"]}}],"collection":[{"href":"https:\/\/www.bartholet.swiss\/fr\/wp-json\/wp\/v2\/pages"}],"about":[{"href":"https:\/\/www.bartholet.swiss\/fr\/wp-json\/wp\/v2\/types\/page"}],"author":[{"embeddable":true,"href":"https:\/\/www.bartholet.swiss\/fr\/wp-json\/wp\/v2\/users\/2"}],"replies":[{"embeddable":true,"href":"https:\/\/www.bartholet.swiss\/fr\/wp-json\/wp\/v2\/comments?post=3362"}],"version-history":[{"count":2,"href":"https:\/\/www.bartholet.swiss\/fr\/wp-json\/wp\/v2\/pages\/3362\/revisions"}],"predecessor-version":[{"id":3717,"href":"https:\/\/www.bartholet.swiss\/fr\/wp-json\/wp\/v2\/pages\/3362\/revisions\/3717"}],"up":[{"embeddable":true,"href":"https:\/\/www.bartholet.swiss\/fr\/wp-json\/wp\/v2\/pages\/3341"}],"wp:attachment":[{"href":"https:\/\/www.bartholet.swiss\/fr\/wp-json\/wp\/v2\/media?parent=3362"}],"curies":[{"name":"wp","href":"https:\/\/api.w.org\/{rel}","templated":true}]}}