{"id":3349,"date":"2025-11-04T10:29:32","date_gmt":"2025-11-04T09:29:32","guid":{"rendered":"https:\/\/bartholet.swiss\/?page_id=3349"},"modified":"2026-01-08T10:44:44","modified_gmt":"2026-01-08T09:44:44","slug":"academy","status":"publish","type":"page","link":"https:\/\/www.bartholet.swiss\/fr\/service\/academy\/","title":{"rendered":"Academy"},"content":{"rendered":"","protected":false},"excerpt":{"rendered":"","protected":false},"author":2,"featured_media":0,"parent":3341,"menu_order":87,"comment_status":"closed","ping_status":"closed","template":"","meta":{"_acf_changed":false,"footnotes":""},"class_list":["post-3349","page","type-page","status-publish","hentry"],"acf":[],"yoast_head":"<!-- This site is optimized with the Yoast SEO plugin v26.7 - https:\/\/yoast.com\/wordpress\/plugins\/seo\/ -->\n<title>Bartholet Academy | Formations pratiques<\/title>\n<meta name=\"description\" content=\"Formations pratiques pour les exploitants et le personnel de maintenance \u2013 personnalis\u00e9es, ax\u00e9es sur la s\u00e9curit\u00e9 et tourn\u00e9es vers l\u2019avenir.\" \/>\n<meta name=\"robots\" content=\"index, follow, max-snippet:-1, max-image-preview:large, max-video-preview:-1\" \/>\n<link rel=\"canonical\" href=\"https:\/\/www.bartholet.swiss\/fr\/service\/academy\/\" \/>\n<meta property=\"og:locale\" content=\"fr_FR\" \/>\n<meta property=\"og:type\" content=\"article\" \/>\n<meta property=\"og:title\" content=\"Bartholet Academy | Formations pratiques\" \/>\n<meta property=\"og:description\" content=\"Formations pratiques pour les exploitants et le personnel de maintenance \u2013 personnalis\u00e9es, ax\u00e9es sur la s\u00e9curit\u00e9 et tourn\u00e9es vers l\u2019avenir.\" \/>\n<meta property=\"og:url\" content=\"https:\/\/www.bartholet.swiss\/fr\/service\/academy\/\" \/>\n<meta property=\"og:site_name\" content=\"Bartholet\" \/>\n<meta property=\"article:modified_time\" content=\"2026-01-08T09:44:44+00:00\" \/>\n<meta name=\"twitter:card\" content=\"summary_large_image\" \/>\n<script type=\"application\/ld+json\" class=\"yoast-schema-graph\">{\"@context\":\"https:\/\/schema.org\",\"@graph\":[{\"@type\":\"WebPage\",\"@id\":\"https:\/\/www.bartholet.swiss\/fr\/service\/academy\/\",\"url\":\"https:\/\/www.bartholet.swiss\/fr\/service\/academy\/\",\"name\":\"Bartholet Academy | Formations pratiques\",\"isPartOf\":{\"@id\":\"https:\/\/www.bartholet.swiss\/fr\/#website\"},\"datePublished\":\"2025-11-04T09:29:32+00:00\",\"dateModified\":\"2026-01-08T09:44:44+00:00\",\"description\":\"Formations pratiques pour les exploitants et le personnel de maintenance \u2013 personnalis\u00e9es, ax\u00e9es sur la s\u00e9curit\u00e9 et tourn\u00e9es vers l\u2019avenir.\",\"breadcrumb\":{\"@id\":\"https:\/\/www.bartholet.swiss\/fr\/service\/academy\/#breadcrumb\"},\"inLanguage\":\"fr-FR\",\"potentialAction\":[{\"@type\":\"ReadAction\",\"target\":[\"https:\/\/www.bartholet.swiss\/fr\/service\/academy\/\"]}]},{\"@type\":\"BreadcrumbList\",\"@id\":\"https:\/\/www.bartholet.swiss\/fr\/service\/academy\/#breadcrumb\",\"itemListElement\":[{\"@type\":\"ListItem\",\"position\":1,\"name\":\"Startseite\",\"item\":\"https:\/\/www.bartholet.swiss\/fr\/\"},{\"@type\":\"ListItem\",\"position\":2,\"name\":\"Service\",\"item\":\"https:\/\/www.bartholet.swiss\/fr\/service\/\"},{\"@type\":\"ListItem\",\"position\":3,\"name\":\"Academy\"}]},{\"@type\":\"WebSite\",\"@id\":\"https:\/\/www.bartholet.swiss\/fr\/#website\",\"url\":\"https:\/\/www.bartholet.swiss\/fr\/\",\"name\":\"Bartholet\",\"description\":\"\",\"potentialAction\":[{\"@type\":\"SearchAction\",\"target\":{\"@type\":\"EntryPoint\",\"urlTemplate\":\"https:\/\/www.bartholet.swiss\/fr\/?s={search_term_string}\"},\"query-input\":{\"@type\":\"PropertyValueSpecification\",\"valueRequired\":true,\"valueName\":\"search_term_string\"}}],\"inLanguage\":\"fr-FR\"}]}<\/script>\n<!-- \/ Yoast SEO plugin. -->","yoast_head_json":{"title":"Bartholet Academy | Formations pratiques","description":"Formations pratiques pour les exploitants et le personnel de maintenance \u2013 personnalis\u00e9es, ax\u00e9es sur la s\u00e9curit\u00e9 et tourn\u00e9es vers l\u2019avenir.","robots":{"index":"index","follow":"follow","max-snippet":"max-snippet:-1","max-image-preview":"max-image-preview:large","max-video-preview":"max-video-preview:-1"},"canonical":"https:\/\/www.bartholet.swiss\/fr\/service\/academy\/","og_locale":"fr_FR","og_type":"article","og_title":"Bartholet Academy | Formations pratiques","og_description":"Formations pratiques pour les exploitants et le personnel de maintenance \u2013 personnalis\u00e9es, ax\u00e9es sur la s\u00e9curit\u00e9 et tourn\u00e9es vers l\u2019avenir.","og_url":"https:\/\/www.bartholet.swiss\/fr\/service\/academy\/","og_site_name":"Bartholet","article_modified_time":"2026-01-08T09:44:44+00:00","twitter_card":"summary_large_image","schema":{"@context":"https:\/\/schema.org","@graph":[{"@type":"WebPage","@id":"https:\/\/www.bartholet.swiss\/fr\/service\/academy\/","url":"https:\/\/www.bartholet.swiss\/fr\/service\/academy\/","name":"Bartholet Academy | Formations pratiques","isPartOf":{"@id":"https:\/\/www.bartholet.swiss\/fr\/#website"},"datePublished":"2025-11-04T09:29:32+00:00","dateModified":"2026-01-08T09:44:44+00:00","description":"Formations pratiques pour les exploitants et le personnel de maintenance \u2013 personnalis\u00e9es, ax\u00e9es sur la s\u00e9curit\u00e9 et tourn\u00e9es vers l\u2019avenir.","breadcrumb":{"@id":"https:\/\/www.bartholet.swiss\/fr\/service\/academy\/#breadcrumb"},"inLanguage":"fr-FR","potentialAction":[{"@type":"ReadAction","target":["https:\/\/www.bartholet.swiss\/fr\/service\/academy\/"]}]},{"@type":"BreadcrumbList","@id":"https:\/\/www.bartholet.swiss\/fr\/service\/academy\/#breadcrumb","itemListElement":[{"@type":"ListItem","position":1,"name":"Startseite","item":"https:\/\/www.bartholet.swiss\/fr\/"},{"@type":"ListItem","position":2,"name":"Service","item":"https:\/\/www.bartholet.swiss\/fr\/service\/"},{"@type":"ListItem","position":3,"name":"Academy"}]},{"@type":"WebSite","@id":"https:\/\/www.bartholet.swiss\/fr\/#website","url":"https:\/\/www.bartholet.swiss\/fr\/","name":"Bartholet","description":"","potentialAction":[{"@type":"SearchAction","target":{"@type":"EntryPoint","urlTemplate":"https:\/\/www.bartholet.swiss\/fr\/?s={search_term_string}"},"query-input":{"@type":"PropertyValueSpecification","valueRequired":true,"valueName":"search_term_string"}}],"inLanguage":"fr-FR"}]}},"_links":{"self":[{"href":"https:\/\/www.bartholet.swiss\/fr\/wp-json\/wp\/v2\/pages\/3349","targetHints":{"allow":["GET"]}}],"collection":[{"href":"https:\/\/www.bartholet.swiss\/fr\/wp-json\/wp\/v2\/pages"}],"about":[{"href":"https:\/\/www.bartholet.swiss\/fr\/wp-json\/wp\/v2\/types\/page"}],"author":[{"embeddable":true,"href":"https:\/\/www.bartholet.swiss\/fr\/wp-json\/wp\/v2\/users\/2"}],"replies":[{"embeddable":true,"href":"https:\/\/www.bartholet.swiss\/fr\/wp-json\/wp\/v2\/comments?post=3349"}],"version-history":[{"count":3,"href":"https:\/\/www.bartholet.swiss\/fr\/wp-json\/wp\/v2\/pages\/3349\/revisions"}],"predecessor-version":[{"id":3711,"href":"https:\/\/www.bartholet.swiss\/fr\/wp-json\/wp\/v2\/pages\/3349\/revisions\/3711"}],"up":[{"embeddable":true,"href":"https:\/\/www.bartholet.swiss\/fr\/wp-json\/wp\/v2\/pages\/3341"}],"wp:attachment":[{"href":"https:\/\/www.bartholet.swiss\/fr\/wp-json\/wp\/v2\/media?parent=3349"}],"curies":[{"name":"wp","href":"https:\/\/api.w.org\/{rel}","templated":true}]}}