{"id":3335,"date":"2025-11-04T10:27:21","date_gmt":"2025-11-04T09:27:21","guid":{"rendered":"https:\/\/bartholet.swiss\/?page_id=3335"},"modified":"2026-01-08T10:28:15","modified_gmt":"2026-01-08T09:28:15","slug":"urbain","status":"publish","type":"page","link":"https:\/\/www.bartholet.swiss\/fr\/domaines-dapplication\/urbain\/","title":{"rendered":"Urbain"},"content":{"rendered":"","protected":false},"excerpt":{"rendered":"","protected":false},"author":2,"featured_media":0,"parent":3317,"menu_order":75,"comment_status":"closed","ping_status":"closed","template":"","meta":{"_acf_changed":false,"footnotes":""},"class_list":["post-3335","page","type-page","status-publish","hentry"],"acf":[],"yoast_head":"<!-- This site is optimized with the Yoast SEO plugin v26.7 - https:\/\/yoast.com\/wordpress\/plugins\/seo\/ -->\n<title>T\u00e9l\u00e9ph\u00e9riques pour la mobilit\u00e9 urbaine<\/title>\n<meta name=\"description\" content=\"T\u00e9l\u00e9ph\u00e9riques urbains pour une mobilit\u00e9 durable, efficace et int\u00e9gr\u00e9e aux villes modernes.\" \/>\n<meta name=\"robots\" content=\"index, follow, max-snippet:-1, max-image-preview:large, max-video-preview:-1\" \/>\n<link rel=\"canonical\" href=\"https:\/\/www.bartholet.swiss\/fr\/domaines-dapplication\/urbain\/\" \/>\n<meta property=\"og:locale\" content=\"fr_FR\" \/>\n<meta property=\"og:type\" content=\"article\" \/>\n<meta property=\"og:title\" content=\"T\u00e9l\u00e9ph\u00e9riques pour la mobilit\u00e9 urbaine\" \/>\n<meta property=\"og:description\" content=\"T\u00e9l\u00e9ph\u00e9riques urbains pour une mobilit\u00e9 durable, efficace et int\u00e9gr\u00e9e aux villes modernes.\" \/>\n<meta property=\"og:url\" content=\"https:\/\/www.bartholet.swiss\/fr\/domaines-dapplication\/urbain\/\" \/>\n<meta property=\"og:site_name\" content=\"Bartholet\" \/>\n<meta property=\"article:modified_time\" content=\"2026-01-08T09:28:15+00:00\" \/>\n<meta name=\"twitter:card\" content=\"summary_large_image\" \/>\n<script type=\"application\/ld+json\" class=\"yoast-schema-graph\">{\"@context\":\"https:\/\/schema.org\",\"@graph\":[{\"@type\":\"WebPage\",\"@id\":\"https:\/\/www.bartholet.swiss\/fr\/domaines-dapplication\/urbain\/\",\"url\":\"https:\/\/www.bartholet.swiss\/fr\/domaines-dapplication\/urbain\/\",\"name\":\"T\u00e9l\u00e9ph\u00e9riques pour la mobilit\u00e9 urbaine\",\"isPartOf\":{\"@id\":\"https:\/\/www.bartholet.swiss\/fr\/#website\"},\"datePublished\":\"2025-11-04T09:27:21+00:00\",\"dateModified\":\"2026-01-08T09:28:15+00:00\",\"description\":\"T\u00e9l\u00e9ph\u00e9riques urbains pour une mobilit\u00e9 durable, efficace et int\u00e9gr\u00e9e aux villes modernes.\",\"breadcrumb\":{\"@id\":\"https:\/\/www.bartholet.swiss\/fr\/domaines-dapplication\/urbain\/#breadcrumb\"},\"inLanguage\":\"fr-FR\",\"potentialAction\":[{\"@type\":\"ReadAction\",\"target\":[\"https:\/\/www.bartholet.swiss\/fr\/domaines-dapplication\/urbain\/\"]}]},{\"@type\":\"BreadcrumbList\",\"@id\":\"https:\/\/www.bartholet.swiss\/fr\/domaines-dapplication\/urbain\/#breadcrumb\",\"itemListElement\":[{\"@type\":\"ListItem\",\"position\":1,\"name\":\"Startseite\",\"item\":\"https:\/\/www.bartholet.swiss\/fr\/\"},{\"@type\":\"ListItem\",\"position\":2,\"name\":\"Domaines d\u2019application\",\"item\":\"https:\/\/www.bartholet.swiss\/fr\/domaines-dapplication\/\"},{\"@type\":\"ListItem\",\"position\":3,\"name\":\"Urbain\"}]},{\"@type\":\"WebSite\",\"@id\":\"https:\/\/www.bartholet.swiss\/fr\/#website\",\"url\":\"https:\/\/www.bartholet.swiss\/fr\/\",\"name\":\"Bartholet\",\"description\":\"\",\"potentialAction\":[{\"@type\":\"SearchAction\",\"target\":{\"@type\":\"EntryPoint\",\"urlTemplate\":\"https:\/\/www.bartholet.swiss\/fr\/?s={search_term_string}\"},\"query-input\":{\"@type\":\"PropertyValueSpecification\",\"valueRequired\":true,\"valueName\":\"search_term_string\"}}],\"inLanguage\":\"fr-FR\"}]}<\/script>\n<!-- \/ Yoast SEO plugin. -->","yoast_head_json":{"title":"T\u00e9l\u00e9ph\u00e9riques pour la mobilit\u00e9 urbaine","description":"T\u00e9l\u00e9ph\u00e9riques urbains pour une mobilit\u00e9 durable, efficace et int\u00e9gr\u00e9e aux villes modernes.","robots":{"index":"index","follow":"follow","max-snippet":"max-snippet:-1","max-image-preview":"max-image-preview:large","max-video-preview":"max-video-preview:-1"},"canonical":"https:\/\/www.bartholet.swiss\/fr\/domaines-dapplication\/urbain\/","og_locale":"fr_FR","og_type":"article","og_title":"T\u00e9l\u00e9ph\u00e9riques pour la mobilit\u00e9 urbaine","og_description":"T\u00e9l\u00e9ph\u00e9riques urbains pour une mobilit\u00e9 durable, efficace et int\u00e9gr\u00e9e aux villes modernes.","og_url":"https:\/\/www.bartholet.swiss\/fr\/domaines-dapplication\/urbain\/","og_site_name":"Bartholet","article_modified_time":"2026-01-08T09:28:15+00:00","twitter_card":"summary_large_image","schema":{"@context":"https:\/\/schema.org","@graph":[{"@type":"WebPage","@id":"https:\/\/www.bartholet.swiss\/fr\/domaines-dapplication\/urbain\/","url":"https:\/\/www.bartholet.swiss\/fr\/domaines-dapplication\/urbain\/","name":"T\u00e9l\u00e9ph\u00e9riques pour la mobilit\u00e9 urbaine","isPartOf":{"@id":"https:\/\/www.bartholet.swiss\/fr\/#website"},"datePublished":"2025-11-04T09:27:21+00:00","dateModified":"2026-01-08T09:28:15+00:00","description":"T\u00e9l\u00e9ph\u00e9riques urbains pour une mobilit\u00e9 durable, efficace et int\u00e9gr\u00e9e aux villes modernes.","breadcrumb":{"@id":"https:\/\/www.bartholet.swiss\/fr\/domaines-dapplication\/urbain\/#breadcrumb"},"inLanguage":"fr-FR","potentialAction":[{"@type":"ReadAction","target":["https:\/\/www.bartholet.swiss\/fr\/domaines-dapplication\/urbain\/"]}]},{"@type":"BreadcrumbList","@id":"https:\/\/www.bartholet.swiss\/fr\/domaines-dapplication\/urbain\/#breadcrumb","itemListElement":[{"@type":"ListItem","position":1,"name":"Startseite","item":"https:\/\/www.bartholet.swiss\/fr\/"},{"@type":"ListItem","position":2,"name":"Domaines d\u2019application","item":"https:\/\/www.bartholet.swiss\/fr\/domaines-dapplication\/"},{"@type":"ListItem","position":3,"name":"Urbain"}]},{"@type":"WebSite","@id":"https:\/\/www.bartholet.swiss\/fr\/#website","url":"https:\/\/www.bartholet.swiss\/fr\/","name":"Bartholet","description":"","potentialAction":[{"@type":"SearchAction","target":{"@type":"EntryPoint","urlTemplate":"https:\/\/www.bartholet.swiss\/fr\/?s={search_term_string}"},"query-input":{"@type":"PropertyValueSpecification","valueRequired":true,"valueName":"search_term_string"}}],"inLanguage":"fr-FR"}]}},"_links":{"self":[{"href":"https:\/\/www.bartholet.swiss\/fr\/wp-json\/wp\/v2\/pages\/3335","targetHints":{"allow":["GET"]}}],"collection":[{"href":"https:\/\/www.bartholet.swiss\/fr\/wp-json\/wp\/v2\/pages"}],"about":[{"href":"https:\/\/www.bartholet.swiss\/fr\/wp-json\/wp\/v2\/types\/page"}],"author":[{"embeddable":true,"href":"https:\/\/www.bartholet.swiss\/fr\/wp-json\/wp\/v2\/users\/2"}],"replies":[{"embeddable":true,"href":"https:\/\/www.bartholet.swiss\/fr\/wp-json\/wp\/v2\/comments?post=3335"}],"version-history":[{"count":3,"href":"https:\/\/www.bartholet.swiss\/fr\/wp-json\/wp\/v2\/pages\/3335\/revisions"}],"predecessor-version":[{"id":6589,"href":"https:\/\/www.bartholet.swiss\/fr\/wp-json\/wp\/v2\/pages\/3335\/revisions\/6589"}],"up":[{"embeddable":true,"href":"https:\/\/www.bartholet.swiss\/fr\/wp-json\/wp\/v2\/pages\/3317"}],"wp:attachment":[{"href":"https:\/\/www.bartholet.swiss\/fr\/wp-json\/wp\/v2\/media?parent=3335"}],"curies":[{"name":"wp","href":"https:\/\/api.w.org\/{rel}","templated":true}]}}