{"id":3282,"date":"2025-11-04T10:25:39","date_gmt":"2025-11-04T09:25:39","guid":{"rendered":"https:\/\/bartholet.swiss\/?page_id=3282"},"modified":"2026-01-08T10:00:19","modified_gmt":"2026-01-08T09:00:19","slug":"telepherique","status":"publish","type":"page","link":"https:\/\/www.bartholet.swiss\/fr\/remontees-mecaniques\/telepherique\/","title":{"rendered":"T\u00e9l\u00e9ph\u00e9rique"},"content":{"rendered":"","protected":false},"excerpt":{"rendered":"","protected":false},"author":2,"featured_media":0,"parent":3171,"menu_order":20,"comment_status":"closed","ping_status":"closed","template":"","meta":{"_acf_changed":false,"footnotes":""},"class_list":["post-3282","page","type-page","status-publish","hentry"],"acf":[],"yoast_head":"<!-- This site is optimized with the Yoast SEO plugin v26.7 - https:\/\/yoast.com\/wordpress\/plugins\/seo\/ -->\n<title>T\u00e9l\u00e9ph\u00e9rique pour grandes port\u00e9es<\/title>\n<meta name=\"description\" content=\"T\u00e9l\u00e9ph\u00e9rique pour fortes d\u00e9nivellations et longues port\u00e9es. Performance et s\u00e9curit\u00e9 maximales.\" \/>\n<meta name=\"robots\" content=\"index, follow, max-snippet:-1, max-image-preview:large, max-video-preview:-1\" \/>\n<link rel=\"canonical\" href=\"https:\/\/www.bartholet.swiss\/fr\/remontees-mecaniques\/telepherique\/\" \/>\n<meta property=\"og:locale\" content=\"fr_FR\" \/>\n<meta property=\"og:type\" content=\"article\" \/>\n<meta property=\"og:title\" content=\"T\u00e9l\u00e9ph\u00e9rique pour grandes port\u00e9es\" \/>\n<meta property=\"og:description\" content=\"T\u00e9l\u00e9ph\u00e9rique pour fortes d\u00e9nivellations et longues port\u00e9es. Performance et s\u00e9curit\u00e9 maximales.\" \/>\n<meta property=\"og:url\" content=\"https:\/\/www.bartholet.swiss\/fr\/remontees-mecaniques\/telepherique\/\" \/>\n<meta property=\"og:site_name\" content=\"Bartholet\" \/>\n<meta property=\"article:modified_time\" content=\"2026-01-08T09:00:19+00:00\" \/>\n<meta name=\"twitter:card\" content=\"summary_large_image\" \/>\n<script type=\"application\/ld+json\" class=\"yoast-schema-graph\">{\"@context\":\"https:\/\/schema.org\",\"@graph\":[{\"@type\":\"WebPage\",\"@id\":\"https:\/\/www.bartholet.swiss\/fr\/remontees-mecaniques\/telepherique\/\",\"url\":\"https:\/\/www.bartholet.swiss\/fr\/remontees-mecaniques\/telepherique\/\",\"name\":\"T\u00e9l\u00e9ph\u00e9rique pour grandes port\u00e9es\",\"isPartOf\":{\"@id\":\"https:\/\/www.bartholet.swiss\/fr\/#website\"},\"datePublished\":\"2025-11-04T09:25:39+00:00\",\"dateModified\":\"2026-01-08T09:00:19+00:00\",\"description\":\"T\u00e9l\u00e9ph\u00e9rique pour fortes d\u00e9nivellations et longues port\u00e9es. Performance et s\u00e9curit\u00e9 maximales.\",\"breadcrumb\":{\"@id\":\"https:\/\/www.bartholet.swiss\/fr\/remontees-mecaniques\/telepherique\/#breadcrumb\"},\"inLanguage\":\"fr-FR\",\"potentialAction\":[{\"@type\":\"ReadAction\",\"target\":[\"https:\/\/www.bartholet.swiss\/fr\/remontees-mecaniques\/telepherique\/\"]}]},{\"@type\":\"BreadcrumbList\",\"@id\":\"https:\/\/www.bartholet.swiss\/fr\/remontees-mecaniques\/telepherique\/#breadcrumb\",\"itemListElement\":[{\"@type\":\"ListItem\",\"position\":1,\"name\":\"Startseite\",\"item\":\"https:\/\/www.bartholet.swiss\/fr\/\"},{\"@type\":\"ListItem\",\"position\":2,\"name\":\"Remont\u00e9es m\u00e9caniques\",\"item\":\"https:\/\/www.bartholet.swiss\/fr\/remontees-mecaniques\/\"},{\"@type\":\"ListItem\",\"position\":3,\"name\":\"T\u00e9l\u00e9ph\u00e9rique\"}]},{\"@type\":\"WebSite\",\"@id\":\"https:\/\/www.bartholet.swiss\/fr\/#website\",\"url\":\"https:\/\/www.bartholet.swiss\/fr\/\",\"name\":\"Bartholet\",\"description\":\"\",\"potentialAction\":[{\"@type\":\"SearchAction\",\"target\":{\"@type\":\"EntryPoint\",\"urlTemplate\":\"https:\/\/www.bartholet.swiss\/fr\/?s={search_term_string}\"},\"query-input\":{\"@type\":\"PropertyValueSpecification\",\"valueRequired\":true,\"valueName\":\"search_term_string\"}}],\"inLanguage\":\"fr-FR\"}]}<\/script>\n<!-- \/ Yoast SEO plugin. -->","yoast_head_json":{"title":"T\u00e9l\u00e9ph\u00e9rique pour grandes port\u00e9es","description":"T\u00e9l\u00e9ph\u00e9rique pour fortes d\u00e9nivellations et longues port\u00e9es. Performance et s\u00e9curit\u00e9 maximales.","robots":{"index":"index","follow":"follow","max-snippet":"max-snippet:-1","max-image-preview":"max-image-preview:large","max-video-preview":"max-video-preview:-1"},"canonical":"https:\/\/www.bartholet.swiss\/fr\/remontees-mecaniques\/telepherique\/","og_locale":"fr_FR","og_type":"article","og_title":"T\u00e9l\u00e9ph\u00e9rique pour grandes port\u00e9es","og_description":"T\u00e9l\u00e9ph\u00e9rique pour fortes d\u00e9nivellations et longues port\u00e9es. Performance et s\u00e9curit\u00e9 maximales.","og_url":"https:\/\/www.bartholet.swiss\/fr\/remontees-mecaniques\/telepherique\/","og_site_name":"Bartholet","article_modified_time":"2026-01-08T09:00:19+00:00","twitter_card":"summary_large_image","schema":{"@context":"https:\/\/schema.org","@graph":[{"@type":"WebPage","@id":"https:\/\/www.bartholet.swiss\/fr\/remontees-mecaniques\/telepherique\/","url":"https:\/\/www.bartholet.swiss\/fr\/remontees-mecaniques\/telepherique\/","name":"T\u00e9l\u00e9ph\u00e9rique pour grandes port\u00e9es","isPartOf":{"@id":"https:\/\/www.bartholet.swiss\/fr\/#website"},"datePublished":"2025-11-04T09:25:39+00:00","dateModified":"2026-01-08T09:00:19+00:00","description":"T\u00e9l\u00e9ph\u00e9rique pour fortes d\u00e9nivellations et longues port\u00e9es. Performance et s\u00e9curit\u00e9 maximales.","breadcrumb":{"@id":"https:\/\/www.bartholet.swiss\/fr\/remontees-mecaniques\/telepherique\/#breadcrumb"},"inLanguage":"fr-FR","potentialAction":[{"@type":"ReadAction","target":["https:\/\/www.bartholet.swiss\/fr\/remontees-mecaniques\/telepherique\/"]}]},{"@type":"BreadcrumbList","@id":"https:\/\/www.bartholet.swiss\/fr\/remontees-mecaniques\/telepherique\/#breadcrumb","itemListElement":[{"@type":"ListItem","position":1,"name":"Startseite","item":"https:\/\/www.bartholet.swiss\/fr\/"},{"@type":"ListItem","position":2,"name":"Remont\u00e9es m\u00e9caniques","item":"https:\/\/www.bartholet.swiss\/fr\/remontees-mecaniques\/"},{"@type":"ListItem","position":3,"name":"T\u00e9l\u00e9ph\u00e9rique"}]},{"@type":"WebSite","@id":"https:\/\/www.bartholet.swiss\/fr\/#website","url":"https:\/\/www.bartholet.swiss\/fr\/","name":"Bartholet","description":"","potentialAction":[{"@type":"SearchAction","target":{"@type":"EntryPoint","urlTemplate":"https:\/\/www.bartholet.swiss\/fr\/?s={search_term_string}"},"query-input":{"@type":"PropertyValueSpecification","valueRequired":true,"valueName":"search_term_string"}}],"inLanguage":"fr-FR"}]}},"_links":{"self":[{"href":"https:\/\/www.bartholet.swiss\/fr\/wp-json\/wp\/v2\/pages\/3282","targetHints":{"allow":["GET"]}}],"collection":[{"href":"https:\/\/www.bartholet.swiss\/fr\/wp-json\/wp\/v2\/pages"}],"about":[{"href":"https:\/\/www.bartholet.swiss\/fr\/wp-json\/wp\/v2\/types\/page"}],"author":[{"embeddable":true,"href":"https:\/\/www.bartholet.swiss\/fr\/wp-json\/wp\/v2\/users\/2"}],"replies":[{"embeddable":true,"href":"https:\/\/www.bartholet.swiss\/fr\/wp-json\/wp\/v2\/comments?post=3282"}],"version-history":[{"count":2,"href":"https:\/\/www.bartholet.swiss\/fr\/wp-json\/wp\/v2\/pages\/3282\/revisions"}],"predecessor-version":[{"id":3695,"href":"https:\/\/www.bartholet.swiss\/fr\/wp-json\/wp\/v2\/pages\/3282\/revisions\/3695"}],"up":[{"embeddable":true,"href":"https:\/\/www.bartholet.swiss\/fr\/wp-json\/wp\/v2\/pages\/3171"}],"wp:attachment":[{"href":"https:\/\/www.bartholet.swiss\/fr\/wp-json\/wp\/v2\/media?parent=3282"}],"curies":[{"name":"wp","href":"https:\/\/api.w.org\/{rel}","templated":true}]}}