{"id":3269,"date":"2025-11-04T10:24:56","date_gmt":"2025-11-04T09:24:56","guid":{"rendered":"https:\/\/bartholet.swiss\/?page_id=3269"},"modified":"2026-01-08T09:56:52","modified_gmt":"2026-01-08T08:56:52","slug":"telemix","status":"publish","type":"page","link":"https:\/\/www.bartholet.swiss\/fr\/remontees-mecaniques\/telemix\/","title":{"rendered":"T\u00e9l\u00e9mix"},"content":{"rendered":"","protected":false},"excerpt":{"rendered":"","protected":false},"author":2,"featured_media":0,"parent":3171,"menu_order":12,"comment_status":"closed","ping_status":"closed","template":"","meta":{"_acf_changed":false,"footnotes":""},"class_list":["post-3269","page","type-page","status-publish","hentry"],"acf":[],"yoast_head":"<!-- This site is optimized with the Yoast SEO plugin v26.7 - https:\/\/yoast.com\/wordpress\/plugins\/seo\/ -->\n<title>T\u00e9l\u00e9mix \u2013 t\u00e9l\u00e9cabines et t\u00e9l\u00e9si\u00e8ges combin\u00e9s<\/title>\n<meta name=\"description\" content=\"Syst\u00e8mes T\u00e9l\u00e9mix flexibles combinant t\u00e9l\u00e9si\u00e8ges et t\u00e9l\u00e9cabines. Id\u00e9al pour les domaines skiables modernes.\" \/>\n<meta name=\"robots\" content=\"index, follow, max-snippet:-1, max-image-preview:large, max-video-preview:-1\" \/>\n<link rel=\"canonical\" href=\"https:\/\/www.bartholet.swiss\/fr\/remontees-mecaniques\/telemix\/\" \/>\n<meta property=\"og:locale\" content=\"fr_FR\" \/>\n<meta property=\"og:type\" content=\"article\" \/>\n<meta property=\"og:title\" content=\"T\u00e9l\u00e9mix \u2013 t\u00e9l\u00e9cabines et t\u00e9l\u00e9si\u00e8ges combin\u00e9s\" \/>\n<meta property=\"og:description\" content=\"Syst\u00e8mes T\u00e9l\u00e9mix flexibles combinant t\u00e9l\u00e9si\u00e8ges et t\u00e9l\u00e9cabines. Id\u00e9al pour les domaines skiables modernes.\" \/>\n<meta property=\"og:url\" content=\"https:\/\/www.bartholet.swiss\/fr\/remontees-mecaniques\/telemix\/\" \/>\n<meta property=\"og:site_name\" content=\"Bartholet\" \/>\n<meta property=\"article:modified_time\" content=\"2026-01-08T08:56:52+00:00\" \/>\n<meta name=\"twitter:card\" content=\"summary_large_image\" \/>\n<script type=\"application\/ld+json\" class=\"yoast-schema-graph\">{\"@context\":\"https:\/\/schema.org\",\"@graph\":[{\"@type\":\"WebPage\",\"@id\":\"https:\/\/www.bartholet.swiss\/fr\/remontees-mecaniques\/telemix\/\",\"url\":\"https:\/\/www.bartholet.swiss\/fr\/remontees-mecaniques\/telemix\/\",\"name\":\"T\u00e9l\u00e9mix \u2013 t\u00e9l\u00e9cabines et t\u00e9l\u00e9si\u00e8ges combin\u00e9s\",\"isPartOf\":{\"@id\":\"https:\/\/www.bartholet.swiss\/fr\/#website\"},\"datePublished\":\"2025-11-04T09:24:56+00:00\",\"dateModified\":\"2026-01-08T08:56:52+00:00\",\"description\":\"Syst\u00e8mes T\u00e9l\u00e9mix flexibles combinant t\u00e9l\u00e9si\u00e8ges et t\u00e9l\u00e9cabines. Id\u00e9al pour les domaines skiables modernes.\",\"breadcrumb\":{\"@id\":\"https:\/\/www.bartholet.swiss\/fr\/remontees-mecaniques\/telemix\/#breadcrumb\"},\"inLanguage\":\"fr-FR\",\"potentialAction\":[{\"@type\":\"ReadAction\",\"target\":[\"https:\/\/www.bartholet.swiss\/fr\/remontees-mecaniques\/telemix\/\"]}]},{\"@type\":\"BreadcrumbList\",\"@id\":\"https:\/\/www.bartholet.swiss\/fr\/remontees-mecaniques\/telemix\/#breadcrumb\",\"itemListElement\":[{\"@type\":\"ListItem\",\"position\":1,\"name\":\"Startseite\",\"item\":\"https:\/\/www.bartholet.swiss\/fr\/\"},{\"@type\":\"ListItem\",\"position\":2,\"name\":\"Remont\u00e9es m\u00e9caniques\",\"item\":\"https:\/\/www.bartholet.swiss\/fr\/remontees-mecaniques\/\"},{\"@type\":\"ListItem\",\"position\":3,\"name\":\"T\u00e9l\u00e9mix\"}]},{\"@type\":\"WebSite\",\"@id\":\"https:\/\/www.bartholet.swiss\/fr\/#website\",\"url\":\"https:\/\/www.bartholet.swiss\/fr\/\",\"name\":\"Bartholet\",\"description\":\"\",\"potentialAction\":[{\"@type\":\"SearchAction\",\"target\":{\"@type\":\"EntryPoint\",\"urlTemplate\":\"https:\/\/www.bartholet.swiss\/fr\/?s={search_term_string}\"},\"query-input\":{\"@type\":\"PropertyValueSpecification\",\"valueRequired\":true,\"valueName\":\"search_term_string\"}}],\"inLanguage\":\"fr-FR\"}]}<\/script>\n<!-- \/ Yoast SEO plugin. -->","yoast_head_json":{"title":"T\u00e9l\u00e9mix \u2013 t\u00e9l\u00e9cabines et t\u00e9l\u00e9si\u00e8ges combin\u00e9s","description":"Syst\u00e8mes T\u00e9l\u00e9mix flexibles combinant t\u00e9l\u00e9si\u00e8ges et t\u00e9l\u00e9cabines. Id\u00e9al pour les domaines skiables modernes.","robots":{"index":"index","follow":"follow","max-snippet":"max-snippet:-1","max-image-preview":"max-image-preview:large","max-video-preview":"max-video-preview:-1"},"canonical":"https:\/\/www.bartholet.swiss\/fr\/remontees-mecaniques\/telemix\/","og_locale":"fr_FR","og_type":"article","og_title":"T\u00e9l\u00e9mix \u2013 t\u00e9l\u00e9cabines et t\u00e9l\u00e9si\u00e8ges combin\u00e9s","og_description":"Syst\u00e8mes T\u00e9l\u00e9mix flexibles combinant t\u00e9l\u00e9si\u00e8ges et t\u00e9l\u00e9cabines. Id\u00e9al pour les domaines skiables modernes.","og_url":"https:\/\/www.bartholet.swiss\/fr\/remontees-mecaniques\/telemix\/","og_site_name":"Bartholet","article_modified_time":"2026-01-08T08:56:52+00:00","twitter_card":"summary_large_image","schema":{"@context":"https:\/\/schema.org","@graph":[{"@type":"WebPage","@id":"https:\/\/www.bartholet.swiss\/fr\/remontees-mecaniques\/telemix\/","url":"https:\/\/www.bartholet.swiss\/fr\/remontees-mecaniques\/telemix\/","name":"T\u00e9l\u00e9mix \u2013 t\u00e9l\u00e9cabines et t\u00e9l\u00e9si\u00e8ges combin\u00e9s","isPartOf":{"@id":"https:\/\/www.bartholet.swiss\/fr\/#website"},"datePublished":"2025-11-04T09:24:56+00:00","dateModified":"2026-01-08T08:56:52+00:00","description":"Syst\u00e8mes T\u00e9l\u00e9mix flexibles combinant t\u00e9l\u00e9si\u00e8ges et t\u00e9l\u00e9cabines. Id\u00e9al pour les domaines skiables modernes.","breadcrumb":{"@id":"https:\/\/www.bartholet.swiss\/fr\/remontees-mecaniques\/telemix\/#breadcrumb"},"inLanguage":"fr-FR","potentialAction":[{"@type":"ReadAction","target":["https:\/\/www.bartholet.swiss\/fr\/remontees-mecaniques\/telemix\/"]}]},{"@type":"BreadcrumbList","@id":"https:\/\/www.bartholet.swiss\/fr\/remontees-mecaniques\/telemix\/#breadcrumb","itemListElement":[{"@type":"ListItem","position":1,"name":"Startseite","item":"https:\/\/www.bartholet.swiss\/fr\/"},{"@type":"ListItem","position":2,"name":"Remont\u00e9es m\u00e9caniques","item":"https:\/\/www.bartholet.swiss\/fr\/remontees-mecaniques\/"},{"@type":"ListItem","position":3,"name":"T\u00e9l\u00e9mix"}]},{"@type":"WebSite","@id":"https:\/\/www.bartholet.swiss\/fr\/#website","url":"https:\/\/www.bartholet.swiss\/fr\/","name":"Bartholet","description":"","potentialAction":[{"@type":"SearchAction","target":{"@type":"EntryPoint","urlTemplate":"https:\/\/www.bartholet.swiss\/fr\/?s={search_term_string}"},"query-input":{"@type":"PropertyValueSpecification","valueRequired":true,"valueName":"search_term_string"}}],"inLanguage":"fr-FR"}]}},"_links":{"self":[{"href":"https:\/\/www.bartholet.swiss\/fr\/wp-json\/wp\/v2\/pages\/3269","targetHints":{"allow":["GET"]}}],"collection":[{"href":"https:\/\/www.bartholet.swiss\/fr\/wp-json\/wp\/v2\/pages"}],"about":[{"href":"https:\/\/www.bartholet.swiss\/fr\/wp-json\/wp\/v2\/types\/page"}],"author":[{"embeddable":true,"href":"https:\/\/www.bartholet.swiss\/fr\/wp-json\/wp\/v2\/users\/2"}],"replies":[{"embeddable":true,"href":"https:\/\/www.bartholet.swiss\/fr\/wp-json\/wp\/v2\/comments?post=3269"}],"version-history":[{"count":4,"href":"https:\/\/www.bartholet.swiss\/fr\/wp-json\/wp\/v2\/pages\/3269\/revisions"}],"predecessor-version":[{"id":3692,"href":"https:\/\/www.bartholet.swiss\/fr\/wp-json\/wp\/v2\/pages\/3269\/revisions\/3692"}],"up":[{"embeddable":true,"href":"https:\/\/www.bartholet.swiss\/fr\/wp-json\/wp\/v2\/pages\/3171"}],"wp:attachment":[{"href":"https:\/\/www.bartholet.swiss\/fr\/wp-json\/wp\/v2\/media?parent=3269"}],"curies":[{"name":"wp","href":"https:\/\/api.w.org\/{rel}","templated":true}]}}