{"id":3247,"date":"2025-11-04T10:19:12","date_gmt":"2025-11-04T09:19:12","guid":{"rendered":"https:\/\/bartholet.swiss\/?page_id=3247"},"modified":"2026-01-08T10:09:08","modified_gmt":"2026-01-08T09:09:08","slug":"ropetwin","status":"publish","type":"page","link":"https:\/\/www.bartholet.swiss\/fr\/remontees-mecaniques\/nos-points-forts\/ropetwin\/","title":{"rendered":"RopeTwin<sup>\u00ae<sup>"},"content":{"rendered":"","protected":false},"excerpt":{"rendered":"","protected":false},"author":2,"featured_media":0,"parent":3223,"menu_order":41,"comment_status":"closed","ping_status":"closed","template":"","meta":{"_acf_changed":false,"footnotes":""},"class_list":["post-3247","page","type-page","status-publish","hentry"],"acf":[],"yoast_head":"<!-- This site is optimized with the Yoast SEO plugin v26.7 - https:\/\/yoast.com\/wordpress\/plugins\/seo\/ -->\n<title>RopeTwin\u00ae \u2013 efficacit\u00e9 \u00e0 double c\u00e2ble<\/title>\n<meta name=\"description\" content=\"RopeTwin\u00ae combine efficacit\u00e9 \u00e9nerg\u00e9tique et haute performance pour t\u00e9l\u00e9ph\u00e9riques modernes.\" \/>\n<meta name=\"robots\" content=\"index, follow, max-snippet:-1, max-image-preview:large, max-video-preview:-1\" \/>\n<link rel=\"canonical\" href=\"https:\/\/www.bartholet.swiss\/fr\/remontees-mecaniques\/nos-points-forts\/ropetwin\/\" \/>\n<meta property=\"og:locale\" content=\"fr_FR\" \/>\n<meta property=\"og:type\" content=\"article\" \/>\n<meta property=\"og:title\" content=\"RopeTwin\u00ae \u2013 efficacit\u00e9 \u00e0 double c\u00e2ble\" \/>\n<meta property=\"og:description\" content=\"RopeTwin\u00ae combine efficacit\u00e9 \u00e9nerg\u00e9tique et haute performance pour t\u00e9l\u00e9ph\u00e9riques modernes.\" \/>\n<meta property=\"og:url\" content=\"https:\/\/www.bartholet.swiss\/fr\/remontees-mecaniques\/nos-points-forts\/ropetwin\/\" \/>\n<meta property=\"og:site_name\" content=\"Bartholet\" \/>\n<meta property=\"article:modified_time\" content=\"2026-01-08T09:09:08+00:00\" \/>\n<meta name=\"twitter:card\" content=\"summary_large_image\" \/>\n<script type=\"application\/ld+json\" class=\"yoast-schema-graph\">{\"@context\":\"https:\/\/schema.org\",\"@graph\":[{\"@type\":\"WebPage\",\"@id\":\"https:\/\/www.bartholet.swiss\/fr\/remontees-mecaniques\/nos-points-forts\/ropetwin\/\",\"url\":\"https:\/\/www.bartholet.swiss\/fr\/remontees-mecaniques\/nos-points-forts\/ropetwin\/\",\"name\":\"RopeTwin\u00ae \u2013 efficacit\u00e9 \u00e0 double c\u00e2ble\",\"isPartOf\":{\"@id\":\"https:\/\/www.bartholet.swiss\/fr\/#website\"},\"datePublished\":\"2025-11-04T09:19:12+00:00\",\"dateModified\":\"2026-01-08T09:09:08+00:00\",\"description\":\"RopeTwin\u00ae combine efficacit\u00e9 \u00e9nerg\u00e9tique et haute performance pour t\u00e9l\u00e9ph\u00e9riques modernes.\",\"breadcrumb\":{\"@id\":\"https:\/\/www.bartholet.swiss\/fr\/remontees-mecaniques\/nos-points-forts\/ropetwin\/#breadcrumb\"},\"inLanguage\":\"fr-FR\",\"potentialAction\":[{\"@type\":\"ReadAction\",\"target\":[\"https:\/\/www.bartholet.swiss\/fr\/remontees-mecaniques\/nos-points-forts\/ropetwin\/\"]}]},{\"@type\":\"BreadcrumbList\",\"@id\":\"https:\/\/www.bartholet.swiss\/fr\/remontees-mecaniques\/nos-points-forts\/ropetwin\/#breadcrumb\",\"itemListElement\":[{\"@type\":\"ListItem\",\"position\":1,\"name\":\"Startseite\",\"item\":\"https:\/\/www.bartholet.swiss\/fr\/\"},{\"@type\":\"ListItem\",\"position\":2,\"name\":\"Remont\u00e9es m\u00e9caniques\",\"item\":\"https:\/\/www.bartholet.swiss\/fr\/remontees-mecaniques\/\"},{\"@type\":\"ListItem\",\"position\":3,\"name\":\"Nos points forts\",\"item\":\"https:\/\/www.bartholet.swiss\/fr\/remontees-mecaniques\/nos-points-forts\/\"},{\"@type\":\"ListItem\",\"position\":4,\"name\":\"RopeTwin\u00ae\"}]},{\"@type\":\"WebSite\",\"@id\":\"https:\/\/www.bartholet.swiss\/fr\/#website\",\"url\":\"https:\/\/www.bartholet.swiss\/fr\/\",\"name\":\"Bartholet\",\"description\":\"\",\"potentialAction\":[{\"@type\":\"SearchAction\",\"target\":{\"@type\":\"EntryPoint\",\"urlTemplate\":\"https:\/\/www.bartholet.swiss\/fr\/?s={search_term_string}\"},\"query-input\":{\"@type\":\"PropertyValueSpecification\",\"valueRequired\":true,\"valueName\":\"search_term_string\"}}],\"inLanguage\":\"fr-FR\"}]}<\/script>\n<!-- \/ Yoast SEO plugin. -->","yoast_head_json":{"title":"RopeTwin\u00ae \u2013 efficacit\u00e9 \u00e0 double c\u00e2ble","description":"RopeTwin\u00ae combine efficacit\u00e9 \u00e9nerg\u00e9tique et haute performance pour t\u00e9l\u00e9ph\u00e9riques modernes.","robots":{"index":"index","follow":"follow","max-snippet":"max-snippet:-1","max-image-preview":"max-image-preview:large","max-video-preview":"max-video-preview:-1"},"canonical":"https:\/\/www.bartholet.swiss\/fr\/remontees-mecaniques\/nos-points-forts\/ropetwin\/","og_locale":"fr_FR","og_type":"article","og_title":"RopeTwin\u00ae \u2013 efficacit\u00e9 \u00e0 double c\u00e2ble","og_description":"RopeTwin\u00ae combine efficacit\u00e9 \u00e9nerg\u00e9tique et haute performance pour t\u00e9l\u00e9ph\u00e9riques modernes.","og_url":"https:\/\/www.bartholet.swiss\/fr\/remontees-mecaniques\/nos-points-forts\/ropetwin\/","og_site_name":"Bartholet","article_modified_time":"2026-01-08T09:09:08+00:00","twitter_card":"summary_large_image","schema":{"@context":"https:\/\/schema.org","@graph":[{"@type":"WebPage","@id":"https:\/\/www.bartholet.swiss\/fr\/remontees-mecaniques\/nos-points-forts\/ropetwin\/","url":"https:\/\/www.bartholet.swiss\/fr\/remontees-mecaniques\/nos-points-forts\/ropetwin\/","name":"RopeTwin\u00ae \u2013 efficacit\u00e9 \u00e0 double c\u00e2ble","isPartOf":{"@id":"https:\/\/www.bartholet.swiss\/fr\/#website"},"datePublished":"2025-11-04T09:19:12+00:00","dateModified":"2026-01-08T09:09:08+00:00","description":"RopeTwin\u00ae combine efficacit\u00e9 \u00e9nerg\u00e9tique et haute performance pour t\u00e9l\u00e9ph\u00e9riques modernes.","breadcrumb":{"@id":"https:\/\/www.bartholet.swiss\/fr\/remontees-mecaniques\/nos-points-forts\/ropetwin\/#breadcrumb"},"inLanguage":"fr-FR","potentialAction":[{"@type":"ReadAction","target":["https:\/\/www.bartholet.swiss\/fr\/remontees-mecaniques\/nos-points-forts\/ropetwin\/"]}]},{"@type":"BreadcrumbList","@id":"https:\/\/www.bartholet.swiss\/fr\/remontees-mecaniques\/nos-points-forts\/ropetwin\/#breadcrumb","itemListElement":[{"@type":"ListItem","position":1,"name":"Startseite","item":"https:\/\/www.bartholet.swiss\/fr\/"},{"@type":"ListItem","position":2,"name":"Remont\u00e9es m\u00e9caniques","item":"https:\/\/www.bartholet.swiss\/fr\/remontees-mecaniques\/"},{"@type":"ListItem","position":3,"name":"Nos points forts","item":"https:\/\/www.bartholet.swiss\/fr\/remontees-mecaniques\/nos-points-forts\/"},{"@type":"ListItem","position":4,"name":"RopeTwin\u00ae"}]},{"@type":"WebSite","@id":"https:\/\/www.bartholet.swiss\/fr\/#website","url":"https:\/\/www.bartholet.swiss\/fr\/","name":"Bartholet","description":"","potentialAction":[{"@type":"SearchAction","target":{"@type":"EntryPoint","urlTemplate":"https:\/\/www.bartholet.swiss\/fr\/?s={search_term_string}"},"query-input":{"@type":"PropertyValueSpecification","valueRequired":true,"valueName":"search_term_string"}}],"inLanguage":"fr-FR"}]}},"_links":{"self":[{"href":"https:\/\/www.bartholet.swiss\/fr\/wp-json\/wp\/v2\/pages\/3247","targetHints":{"allow":["GET"]}}],"collection":[{"href":"https:\/\/www.bartholet.swiss\/fr\/wp-json\/wp\/v2\/pages"}],"about":[{"href":"https:\/\/www.bartholet.swiss\/fr\/wp-json\/wp\/v2\/types\/page"}],"author":[{"embeddable":true,"href":"https:\/\/www.bartholet.swiss\/fr\/wp-json\/wp\/v2\/users\/2"}],"replies":[{"embeddable":true,"href":"https:\/\/www.bartholet.swiss\/fr\/wp-json\/wp\/v2\/comments?post=3247"}],"version-history":[{"count":2,"href":"https:\/\/www.bartholet.swiss\/fr\/wp-json\/wp\/v2\/pages\/3247\/revisions"}],"predecessor-version":[{"id":3680,"href":"https:\/\/www.bartholet.swiss\/fr\/wp-json\/wp\/v2\/pages\/3247\/revisions\/3680"}],"up":[{"embeddable":true,"href":"https:\/\/www.bartholet.swiss\/fr\/wp-json\/wp\/v2\/pages\/3223"}],"wp:attachment":[{"href":"https:\/\/www.bartholet.swiss\/fr\/wp-json\/wp\/v2\/media?parent=3247"}],"curies":[{"name":"wp","href":"https:\/\/api.w.org\/{rel}","templated":true}]}}