{"id":3243,"date":"2025-11-04T10:19:01","date_gmt":"2025-11-04T09:19:01","guid":{"rendered":"https:\/\/bartholet.swiss\/?page_id=3243"},"modified":"2026-01-08T10:17:48","modified_gmt":"2026-01-08T09:17:48","slug":"direct-drive","status":"publish","type":"page","link":"https:\/\/www.bartholet.swiss\/fr\/remontees-mecaniques\/nos-points-forts\/direct-drive\/","title":{"rendered":"Direct Drive"},"content":{"rendered":"","protected":false},"excerpt":{"rendered":"","protected":false},"author":2,"featured_media":0,"parent":3223,"menu_order":62,"comment_status":"closed","ping_status":"closed","template":"","meta":{"_acf_changed":false,"footnotes":""},"class_list":["post-3243","page","type-page","status-publish","hentry"],"acf":[],"yoast_head":"<!-- This site is optimized with the Yoast SEO plugin v26.7 - https:\/\/yoast.com\/wordpress\/plugins\/seo\/ -->\n<title>Entra\u00eenement Direct Drive | Peu d\u2019entretien &amp; efficace<\/title>\n<meta name=\"description\" content=\"Entra\u00eenement direct innovant \u2013 peu d\u2019entretien, fiable, s\u00fbr et durable pour les syst\u00e8mes de transport par c\u00e2ble modernes.\" \/>\n<meta name=\"robots\" content=\"index, follow, max-snippet:-1, max-image-preview:large, max-video-preview:-1\" \/>\n<link rel=\"canonical\" href=\"https:\/\/www.bartholet.swiss\/fr\/remontees-mecaniques\/nos-points-forts\/direct-drive\/\" \/>\n<meta property=\"og:locale\" content=\"fr_FR\" \/>\n<meta property=\"og:type\" content=\"article\" \/>\n<meta property=\"og:title\" content=\"Entra\u00eenement Direct Drive | Peu d\u2019entretien &amp; efficace\" \/>\n<meta property=\"og:description\" content=\"Entra\u00eenement direct innovant \u2013 peu d\u2019entretien, fiable, s\u00fbr et durable pour les syst\u00e8mes de transport par c\u00e2ble modernes.\" \/>\n<meta property=\"og:url\" content=\"https:\/\/www.bartholet.swiss\/fr\/remontees-mecaniques\/nos-points-forts\/direct-drive\/\" \/>\n<meta property=\"og:site_name\" content=\"Bartholet\" \/>\n<meta property=\"article:modified_time\" content=\"2026-01-08T09:17:48+00:00\" \/>\n<meta name=\"twitter:card\" content=\"summary_large_image\" \/>\n<script type=\"application\/ld+json\" class=\"yoast-schema-graph\">{\"@context\":\"https:\/\/schema.org\",\"@graph\":[{\"@type\":\"WebPage\",\"@id\":\"https:\/\/www.bartholet.swiss\/fr\/remontees-mecaniques\/nos-points-forts\/direct-drive\/\",\"url\":\"https:\/\/www.bartholet.swiss\/fr\/remontees-mecaniques\/nos-points-forts\/direct-drive\/\",\"name\":\"Entra\u00eenement Direct Drive | Peu d\u2019entretien & efficace\",\"isPartOf\":{\"@id\":\"https:\/\/www.bartholet.swiss\/fr\/#website\"},\"datePublished\":\"2025-11-04T09:19:01+00:00\",\"dateModified\":\"2026-01-08T09:17:48+00:00\",\"description\":\"Entra\u00eenement direct innovant \u2013 peu d\u2019entretien, fiable, s\u00fbr et durable pour les syst\u00e8mes de transport par c\u00e2ble modernes.\",\"breadcrumb\":{\"@id\":\"https:\/\/www.bartholet.swiss\/fr\/remontees-mecaniques\/nos-points-forts\/direct-drive\/#breadcrumb\"},\"inLanguage\":\"fr-FR\",\"potentialAction\":[{\"@type\":\"ReadAction\",\"target\":[\"https:\/\/www.bartholet.swiss\/fr\/remontees-mecaniques\/nos-points-forts\/direct-drive\/\"]}]},{\"@type\":\"BreadcrumbList\",\"@id\":\"https:\/\/www.bartholet.swiss\/fr\/remontees-mecaniques\/nos-points-forts\/direct-drive\/#breadcrumb\",\"itemListElement\":[{\"@type\":\"ListItem\",\"position\":1,\"name\":\"Startseite\",\"item\":\"https:\/\/www.bartholet.swiss\/fr\/\"},{\"@type\":\"ListItem\",\"position\":2,\"name\":\"Remont\u00e9es m\u00e9caniques\",\"item\":\"https:\/\/www.bartholet.swiss\/fr\/remontees-mecaniques\/\"},{\"@type\":\"ListItem\",\"position\":3,\"name\":\"Nos points forts\",\"item\":\"https:\/\/www.bartholet.swiss\/fr\/remontees-mecaniques\/nos-points-forts\/\"},{\"@type\":\"ListItem\",\"position\":4,\"name\":\"Direct Drive\"}]},{\"@type\":\"WebSite\",\"@id\":\"https:\/\/www.bartholet.swiss\/fr\/#website\",\"url\":\"https:\/\/www.bartholet.swiss\/fr\/\",\"name\":\"Bartholet\",\"description\":\"\",\"potentialAction\":[{\"@type\":\"SearchAction\",\"target\":{\"@type\":\"EntryPoint\",\"urlTemplate\":\"https:\/\/www.bartholet.swiss\/fr\/?s={search_term_string}\"},\"query-input\":{\"@type\":\"PropertyValueSpecification\",\"valueRequired\":true,\"valueName\":\"search_term_string\"}}],\"inLanguage\":\"fr-FR\"}]}<\/script>\n<!-- \/ Yoast SEO plugin. -->","yoast_head_json":{"title":"Entra\u00eenement Direct Drive | Peu d\u2019entretien & efficace","description":"Entra\u00eenement direct innovant \u2013 peu d\u2019entretien, fiable, s\u00fbr et durable pour les syst\u00e8mes de transport par c\u00e2ble modernes.","robots":{"index":"index","follow":"follow","max-snippet":"max-snippet:-1","max-image-preview":"max-image-preview:large","max-video-preview":"max-video-preview:-1"},"canonical":"https:\/\/www.bartholet.swiss\/fr\/remontees-mecaniques\/nos-points-forts\/direct-drive\/","og_locale":"fr_FR","og_type":"article","og_title":"Entra\u00eenement Direct Drive | Peu d\u2019entretien & efficace","og_description":"Entra\u00eenement direct innovant \u2013 peu d\u2019entretien, fiable, s\u00fbr et durable pour les syst\u00e8mes de transport par c\u00e2ble modernes.","og_url":"https:\/\/www.bartholet.swiss\/fr\/remontees-mecaniques\/nos-points-forts\/direct-drive\/","og_site_name":"Bartholet","article_modified_time":"2026-01-08T09:17:48+00:00","twitter_card":"summary_large_image","schema":{"@context":"https:\/\/schema.org","@graph":[{"@type":"WebPage","@id":"https:\/\/www.bartholet.swiss\/fr\/remontees-mecaniques\/nos-points-forts\/direct-drive\/","url":"https:\/\/www.bartholet.swiss\/fr\/remontees-mecaniques\/nos-points-forts\/direct-drive\/","name":"Entra\u00eenement Direct Drive | Peu d\u2019entretien & efficace","isPartOf":{"@id":"https:\/\/www.bartholet.swiss\/fr\/#website"},"datePublished":"2025-11-04T09:19:01+00:00","dateModified":"2026-01-08T09:17:48+00:00","description":"Entra\u00eenement direct innovant \u2013 peu d\u2019entretien, fiable, s\u00fbr et durable pour les syst\u00e8mes de transport par c\u00e2ble modernes.","breadcrumb":{"@id":"https:\/\/www.bartholet.swiss\/fr\/remontees-mecaniques\/nos-points-forts\/direct-drive\/#breadcrumb"},"inLanguage":"fr-FR","potentialAction":[{"@type":"ReadAction","target":["https:\/\/www.bartholet.swiss\/fr\/remontees-mecaniques\/nos-points-forts\/direct-drive\/"]}]},{"@type":"BreadcrumbList","@id":"https:\/\/www.bartholet.swiss\/fr\/remontees-mecaniques\/nos-points-forts\/direct-drive\/#breadcrumb","itemListElement":[{"@type":"ListItem","position":1,"name":"Startseite","item":"https:\/\/www.bartholet.swiss\/fr\/"},{"@type":"ListItem","position":2,"name":"Remont\u00e9es m\u00e9caniques","item":"https:\/\/www.bartholet.swiss\/fr\/remontees-mecaniques\/"},{"@type":"ListItem","position":3,"name":"Nos points forts","item":"https:\/\/www.bartholet.swiss\/fr\/remontees-mecaniques\/nos-points-forts\/"},{"@type":"ListItem","position":4,"name":"Direct Drive"}]},{"@type":"WebSite","@id":"https:\/\/www.bartholet.swiss\/fr\/#website","url":"https:\/\/www.bartholet.swiss\/fr\/","name":"Bartholet","description":"","potentialAction":[{"@type":"SearchAction","target":{"@type":"EntryPoint","urlTemplate":"https:\/\/www.bartholet.swiss\/fr\/?s={search_term_string}"},"query-input":{"@type":"PropertyValueSpecification","valueRequired":true,"valueName":"search_term_string"}}],"inLanguage":"fr-FR"}]}},"_links":{"self":[{"href":"https:\/\/www.bartholet.swiss\/fr\/wp-json\/wp\/v2\/pages\/3243","targetHints":{"allow":["GET"]}}],"collection":[{"href":"https:\/\/www.bartholet.swiss\/fr\/wp-json\/wp\/v2\/pages"}],"about":[{"href":"https:\/\/www.bartholet.swiss\/fr\/wp-json\/wp\/v2\/types\/page"}],"author":[{"embeddable":true,"href":"https:\/\/www.bartholet.swiss\/fr\/wp-json\/wp\/v2\/users\/2"}],"replies":[{"embeddable":true,"href":"https:\/\/www.bartholet.swiss\/fr\/wp-json\/wp\/v2\/comments?post=3243"}],"version-history":[{"count":3,"href":"https:\/\/www.bartholet.swiss\/fr\/wp-json\/wp\/v2\/pages\/3243\/revisions"}],"predecessor-version":[{"id":6490,"href":"https:\/\/www.bartholet.swiss\/fr\/wp-json\/wp\/v2\/pages\/3243\/revisions\/6490"}],"up":[{"embeddable":true,"href":"https:\/\/www.bartholet.swiss\/fr\/wp-json\/wp\/v2\/pages\/3223"}],"wp:attachment":[{"href":"https:\/\/www.bartholet.swiss\/fr\/wp-json\/wp\/v2\/media?parent=3243"}],"curies":[{"name":"wp","href":"https:\/\/api.w.org\/{rel}","templated":true}]}}