{"id":3230,"date":"2025-11-04T10:18:41","date_gmt":"2025-11-04T09:18:41","guid":{"rendered":"https:\/\/bartholet.swiss\/?page_id=3230"},"modified":"2026-01-08T10:08:21","modified_gmt":"2026-01-08T09:08:21","slug":"ropetaxi","status":"publish","type":"page","link":"https:\/\/www.bartholet.swiss\/fr\/remontees-mecaniques\/nos-points-forts\/ropetaxi\/","title":{"rendered":"Ropetaxi<sup>\u00ae<sup>"},"content":{"rendered":"","protected":false},"excerpt":{"rendered":"","protected":false},"author":2,"featured_media":0,"parent":3223,"menu_order":57,"comment_status":"closed","ping_status":"closed","template":"","meta":{"_acf_changed":false,"footnotes":""},"class_list":["post-3230","page","type-page","status-publish","hentry"],"acf":[],"yoast_head":"<!-- This site is optimized with the Yoast SEO plugin v26.7 - https:\/\/yoast.com\/wordpress\/plugins\/seo\/ -->\n<title>RopeTaxi\u00ae \u2013 t\u00e9l\u00e9ph\u00e9rique \u00e0 la demande<\/title>\n<meta name=\"description\" content=\"RopeTaxi\u00ae offre un transport par c\u00e2ble flexible \u00e0 la demande pour villes et sites touristiques.\" \/>\n<meta name=\"robots\" content=\"index, follow, max-snippet:-1, max-image-preview:large, max-video-preview:-1\" \/>\n<link rel=\"canonical\" href=\"https:\/\/www.bartholet.swiss\/fr\/remontees-mecaniques\/nos-points-forts\/ropetaxi\/\" \/>\n<meta property=\"og:locale\" content=\"fr_FR\" \/>\n<meta property=\"og:type\" content=\"article\" \/>\n<meta property=\"og:title\" content=\"RopeTaxi\u00ae \u2013 t\u00e9l\u00e9ph\u00e9rique \u00e0 la demande\" \/>\n<meta property=\"og:description\" content=\"RopeTaxi\u00ae offre un transport par c\u00e2ble flexible \u00e0 la demande pour villes et sites touristiques.\" \/>\n<meta property=\"og:url\" content=\"https:\/\/www.bartholet.swiss\/fr\/remontees-mecaniques\/nos-points-forts\/ropetaxi\/\" \/>\n<meta property=\"og:site_name\" content=\"Bartholet\" \/>\n<meta property=\"article:modified_time\" content=\"2026-01-08T09:08:21+00:00\" \/>\n<meta name=\"twitter:card\" content=\"summary_large_image\" \/>\n<script type=\"application\/ld+json\" class=\"yoast-schema-graph\">{\"@context\":\"https:\/\/schema.org\",\"@graph\":[{\"@type\":\"WebPage\",\"@id\":\"https:\/\/www.bartholet.swiss\/fr\/remontees-mecaniques\/nos-points-forts\/ropetaxi\/\",\"url\":\"https:\/\/www.bartholet.swiss\/fr\/remontees-mecaniques\/nos-points-forts\/ropetaxi\/\",\"name\":\"RopeTaxi\u00ae \u2013 t\u00e9l\u00e9ph\u00e9rique \u00e0 la demande\",\"isPartOf\":{\"@id\":\"https:\/\/www.bartholet.swiss\/fr\/#website\"},\"datePublished\":\"2025-11-04T09:18:41+00:00\",\"dateModified\":\"2026-01-08T09:08:21+00:00\",\"description\":\"RopeTaxi\u00ae offre un transport par c\u00e2ble flexible \u00e0 la demande pour villes et sites touristiques.\",\"breadcrumb\":{\"@id\":\"https:\/\/www.bartholet.swiss\/fr\/remontees-mecaniques\/nos-points-forts\/ropetaxi\/#breadcrumb\"},\"inLanguage\":\"fr-FR\",\"potentialAction\":[{\"@type\":\"ReadAction\",\"target\":[\"https:\/\/www.bartholet.swiss\/fr\/remontees-mecaniques\/nos-points-forts\/ropetaxi\/\"]}]},{\"@type\":\"BreadcrumbList\",\"@id\":\"https:\/\/www.bartholet.swiss\/fr\/remontees-mecaniques\/nos-points-forts\/ropetaxi\/#breadcrumb\",\"itemListElement\":[{\"@type\":\"ListItem\",\"position\":1,\"name\":\"Startseite\",\"item\":\"https:\/\/www.bartholet.swiss\/fr\/\"},{\"@type\":\"ListItem\",\"position\":2,\"name\":\"Remont\u00e9es m\u00e9caniques\",\"item\":\"https:\/\/www.bartholet.swiss\/fr\/remontees-mecaniques\/\"},{\"@type\":\"ListItem\",\"position\":3,\"name\":\"Nos points forts\",\"item\":\"https:\/\/www.bartholet.swiss\/fr\/remontees-mecaniques\/nos-points-forts\/\"},{\"@type\":\"ListItem\",\"position\":4,\"name\":\"Ropetaxi\u00ae\"}]},{\"@type\":\"WebSite\",\"@id\":\"https:\/\/www.bartholet.swiss\/fr\/#website\",\"url\":\"https:\/\/www.bartholet.swiss\/fr\/\",\"name\":\"Bartholet\",\"description\":\"\",\"potentialAction\":[{\"@type\":\"SearchAction\",\"target\":{\"@type\":\"EntryPoint\",\"urlTemplate\":\"https:\/\/www.bartholet.swiss\/fr\/?s={search_term_string}\"},\"query-input\":{\"@type\":\"PropertyValueSpecification\",\"valueRequired\":true,\"valueName\":\"search_term_string\"}}],\"inLanguage\":\"fr-FR\"}]}<\/script>\n<!-- \/ Yoast SEO plugin. -->","yoast_head_json":{"title":"RopeTaxi\u00ae \u2013 t\u00e9l\u00e9ph\u00e9rique \u00e0 la demande","description":"RopeTaxi\u00ae offre un transport par c\u00e2ble flexible \u00e0 la demande pour villes et sites touristiques.","robots":{"index":"index","follow":"follow","max-snippet":"max-snippet:-1","max-image-preview":"max-image-preview:large","max-video-preview":"max-video-preview:-1"},"canonical":"https:\/\/www.bartholet.swiss\/fr\/remontees-mecaniques\/nos-points-forts\/ropetaxi\/","og_locale":"fr_FR","og_type":"article","og_title":"RopeTaxi\u00ae \u2013 t\u00e9l\u00e9ph\u00e9rique \u00e0 la demande","og_description":"RopeTaxi\u00ae offre un transport par c\u00e2ble flexible \u00e0 la demande pour villes et sites touristiques.","og_url":"https:\/\/www.bartholet.swiss\/fr\/remontees-mecaniques\/nos-points-forts\/ropetaxi\/","og_site_name":"Bartholet","article_modified_time":"2026-01-08T09:08:21+00:00","twitter_card":"summary_large_image","schema":{"@context":"https:\/\/schema.org","@graph":[{"@type":"WebPage","@id":"https:\/\/www.bartholet.swiss\/fr\/remontees-mecaniques\/nos-points-forts\/ropetaxi\/","url":"https:\/\/www.bartholet.swiss\/fr\/remontees-mecaniques\/nos-points-forts\/ropetaxi\/","name":"RopeTaxi\u00ae \u2013 t\u00e9l\u00e9ph\u00e9rique \u00e0 la demande","isPartOf":{"@id":"https:\/\/www.bartholet.swiss\/fr\/#website"},"datePublished":"2025-11-04T09:18:41+00:00","dateModified":"2026-01-08T09:08:21+00:00","description":"RopeTaxi\u00ae offre un transport par c\u00e2ble flexible \u00e0 la demande pour villes et sites touristiques.","breadcrumb":{"@id":"https:\/\/www.bartholet.swiss\/fr\/remontees-mecaniques\/nos-points-forts\/ropetaxi\/#breadcrumb"},"inLanguage":"fr-FR","potentialAction":[{"@type":"ReadAction","target":["https:\/\/www.bartholet.swiss\/fr\/remontees-mecaniques\/nos-points-forts\/ropetaxi\/"]}]},{"@type":"BreadcrumbList","@id":"https:\/\/www.bartholet.swiss\/fr\/remontees-mecaniques\/nos-points-forts\/ropetaxi\/#breadcrumb","itemListElement":[{"@type":"ListItem","position":1,"name":"Startseite","item":"https:\/\/www.bartholet.swiss\/fr\/"},{"@type":"ListItem","position":2,"name":"Remont\u00e9es m\u00e9caniques","item":"https:\/\/www.bartholet.swiss\/fr\/remontees-mecaniques\/"},{"@type":"ListItem","position":3,"name":"Nos points forts","item":"https:\/\/www.bartholet.swiss\/fr\/remontees-mecaniques\/nos-points-forts\/"},{"@type":"ListItem","position":4,"name":"Ropetaxi\u00ae"}]},{"@type":"WebSite","@id":"https:\/\/www.bartholet.swiss\/fr\/#website","url":"https:\/\/www.bartholet.swiss\/fr\/","name":"Bartholet","description":"","potentialAction":[{"@type":"SearchAction","target":{"@type":"EntryPoint","urlTemplate":"https:\/\/www.bartholet.swiss\/fr\/?s={search_term_string}"},"query-input":{"@type":"PropertyValueSpecification","valueRequired":true,"valueName":"search_term_string"}}],"inLanguage":"fr-FR"}]}},"_links":{"self":[{"href":"https:\/\/www.bartholet.swiss\/fr\/wp-json\/wp\/v2\/pages\/3230","targetHints":{"allow":["GET"]}}],"collection":[{"href":"https:\/\/www.bartholet.swiss\/fr\/wp-json\/wp\/v2\/pages"}],"about":[{"href":"https:\/\/www.bartholet.swiss\/fr\/wp-json\/wp\/v2\/types\/page"}],"author":[{"embeddable":true,"href":"https:\/\/www.bartholet.swiss\/fr\/wp-json\/wp\/v2\/users\/2"}],"replies":[{"embeddable":true,"href":"https:\/\/www.bartholet.swiss\/fr\/wp-json\/wp\/v2\/comments?post=3230"}],"version-history":[{"count":6,"href":"https:\/\/www.bartholet.swiss\/fr\/wp-json\/wp\/v2\/pages\/3230\/revisions"}],"predecessor-version":[{"id":6519,"href":"https:\/\/www.bartholet.swiss\/fr\/wp-json\/wp\/v2\/pages\/3230\/revisions\/6519"}],"up":[{"embeddable":true,"href":"https:\/\/www.bartholet.swiss\/fr\/wp-json\/wp\/v2\/pages\/3223"}],"wp:attachment":[{"href":"https:\/\/www.bartholet.swiss\/fr\/wp-json\/wp\/v2\/media?parent=3230"}],"curies":[{"name":"wp","href":"https:\/\/api.w.org\/{rel}","templated":true}]}}