{"id":3163,"date":"2025-11-04T09:56:40","date_gmt":"2025-11-04T08:56:40","guid":{"rendered":"https:\/\/bartholet.swiss\/?page_id=3163"},"modified":"2026-01-08T09:48:55","modified_gmt":"2026-01-08T08:48:55","slug":"home","status":"publish","type":"page","link":"https:\/\/www.bartholet.swiss\/fr\/","title":{"rendered":"Home"},"content":{"rendered":"","protected":false},"excerpt":{"rendered":"","protected":false},"author":2,"featured_media":0,"parent":0,"menu_order":2,"comment_status":"closed","ping_status":"open","template":"","meta":{"_acf_changed":false,"footnotes":""},"class_list":["post-3163","page","type-page","status-publish","hentry"],"acf":[],"yoast_head":"<!-- This site is optimized with the Yoast SEO plugin v26.7 - https:\/\/yoast.com\/wordpress\/plugins\/seo\/ -->\n<title>Bartholet Ropeways AG \u2013 Syst\u00e8mes de transport par c\u00e2ble<\/title>\n<meta name=\"description\" content=\"Fabricant suisse de t\u00e9l\u00e9ph\u00e9riques et syst\u00e8mes de transport par c\u00e2ble pour le tourisme et la mobilit\u00e9 urbaine. Innovation, qualit\u00e9 et ing\u00e9nierie.\" \/>\n<meta name=\"robots\" content=\"index, follow, max-snippet:-1, max-image-preview:large, max-video-preview:-1\" \/>\n<link rel=\"canonical\" href=\"https:\/\/www.bartholet.swiss\/fr\/\" \/>\n<meta property=\"og:locale\" content=\"fr_FR\" \/>\n<meta property=\"og:type\" content=\"article\" \/>\n<meta property=\"og:title\" content=\"Bartholet Ropeways AG \u2013 Syst\u00e8mes de transport par c\u00e2ble\" \/>\n<meta property=\"og:description\" content=\"Fabricant suisse de t\u00e9l\u00e9ph\u00e9riques et syst\u00e8mes de transport par c\u00e2ble pour le tourisme et la mobilit\u00e9 urbaine. Innovation, qualit\u00e9 et ing\u00e9nierie.\" \/>\n<meta property=\"og:url\" content=\"https:\/\/www.bartholet.swiss\/fr\/\" \/>\n<meta property=\"og:site_name\" content=\"Bartholet\" \/>\n<meta property=\"article:modified_time\" content=\"2026-01-08T08:48:55+00:00\" \/>\n<meta name=\"twitter:card\" content=\"summary_large_image\" \/>\n<script type=\"application\/ld+json\" class=\"yoast-schema-graph\">{\"@context\":\"https:\/\/schema.org\",\"@graph\":[{\"@type\":\"WebPage\",\"@id\":\"https:\/\/www.bartholet.swiss\/fr\/\",\"url\":\"https:\/\/www.bartholet.swiss\/fr\/\",\"name\":\"Bartholet Ropeways AG \u2013 Syst\u00e8mes de transport par c\u00e2ble\",\"isPartOf\":{\"@id\":\"https:\/\/www.bartholet.swiss\/fr\/#website\"},\"datePublished\":\"2025-11-04T08:56:40+00:00\",\"dateModified\":\"2026-01-08T08:48:55+00:00\",\"description\":\"Fabricant suisse de t\u00e9l\u00e9ph\u00e9riques et syst\u00e8mes de transport par c\u00e2ble pour le tourisme et la mobilit\u00e9 urbaine. Innovation, qualit\u00e9 et ing\u00e9nierie.\",\"breadcrumb\":{\"@id\":\"https:\/\/www.bartholet.swiss\/fr\/#breadcrumb\"},\"inLanguage\":\"fr-FR\",\"potentialAction\":[{\"@type\":\"ReadAction\",\"target\":[\"https:\/\/www.bartholet.swiss\/fr\/\"]}]},{\"@type\":\"BreadcrumbList\",\"@id\":\"https:\/\/www.bartholet.swiss\/fr\/#breadcrumb\",\"itemListElement\":[{\"@type\":\"ListItem\",\"position\":1,\"name\":\"Startseite\",\"item\":\"https:\/\/www.bartholet.swiss\/fr\/\"},{\"@type\":\"ListItem\",\"position\":2,\"name\":\"Home\"}]},{\"@type\":\"WebSite\",\"@id\":\"https:\/\/www.bartholet.swiss\/fr\/#website\",\"url\":\"https:\/\/www.bartholet.swiss\/fr\/\",\"name\":\"Bartholet\",\"description\":\"\",\"potentialAction\":[{\"@type\":\"SearchAction\",\"target\":{\"@type\":\"EntryPoint\",\"urlTemplate\":\"https:\/\/www.bartholet.swiss\/fr\/?s={search_term_string}\"},\"query-input\":{\"@type\":\"PropertyValueSpecification\",\"valueRequired\":true,\"valueName\":\"search_term_string\"}}],\"inLanguage\":\"fr-FR\"}]}<\/script>\n<!-- \/ Yoast SEO plugin. -->","yoast_head_json":{"title":"Bartholet Ropeways AG \u2013 Syst\u00e8mes de transport par c\u00e2ble","description":"Fabricant suisse de t\u00e9l\u00e9ph\u00e9riques et syst\u00e8mes de transport par c\u00e2ble pour le tourisme et la mobilit\u00e9 urbaine. Innovation, qualit\u00e9 et ing\u00e9nierie.","robots":{"index":"index","follow":"follow","max-snippet":"max-snippet:-1","max-image-preview":"max-image-preview:large","max-video-preview":"max-video-preview:-1"},"canonical":"https:\/\/www.bartholet.swiss\/fr\/","og_locale":"fr_FR","og_type":"article","og_title":"Bartholet Ropeways AG \u2013 Syst\u00e8mes de transport par c\u00e2ble","og_description":"Fabricant suisse de t\u00e9l\u00e9ph\u00e9riques et syst\u00e8mes de transport par c\u00e2ble pour le tourisme et la mobilit\u00e9 urbaine. Innovation, qualit\u00e9 et ing\u00e9nierie.","og_url":"https:\/\/www.bartholet.swiss\/fr\/","og_site_name":"Bartholet","article_modified_time":"2026-01-08T08:48:55+00:00","twitter_card":"summary_large_image","schema":{"@context":"https:\/\/schema.org","@graph":[{"@type":"WebPage","@id":"https:\/\/www.bartholet.swiss\/fr\/","url":"https:\/\/www.bartholet.swiss\/fr\/","name":"Bartholet Ropeways AG \u2013 Syst\u00e8mes de transport par c\u00e2ble","isPartOf":{"@id":"https:\/\/www.bartholet.swiss\/fr\/#website"},"datePublished":"2025-11-04T08:56:40+00:00","dateModified":"2026-01-08T08:48:55+00:00","description":"Fabricant suisse de t\u00e9l\u00e9ph\u00e9riques et syst\u00e8mes de transport par c\u00e2ble pour le tourisme et la mobilit\u00e9 urbaine. Innovation, qualit\u00e9 et ing\u00e9nierie.","breadcrumb":{"@id":"https:\/\/www.bartholet.swiss\/fr\/#breadcrumb"},"inLanguage":"fr-FR","potentialAction":[{"@type":"ReadAction","target":["https:\/\/www.bartholet.swiss\/fr\/"]}]},{"@type":"BreadcrumbList","@id":"https:\/\/www.bartholet.swiss\/fr\/#breadcrumb","itemListElement":[{"@type":"ListItem","position":1,"name":"Startseite","item":"https:\/\/www.bartholet.swiss\/fr\/"},{"@type":"ListItem","position":2,"name":"Home"}]},{"@type":"WebSite","@id":"https:\/\/www.bartholet.swiss\/fr\/#website","url":"https:\/\/www.bartholet.swiss\/fr\/","name":"Bartholet","description":"","potentialAction":[{"@type":"SearchAction","target":{"@type":"EntryPoint","urlTemplate":"https:\/\/www.bartholet.swiss\/fr\/?s={search_term_string}"},"query-input":{"@type":"PropertyValueSpecification","valueRequired":true,"valueName":"search_term_string"}}],"inLanguage":"fr-FR"}]}},"_links":{"self":[{"href":"https:\/\/www.bartholet.swiss\/fr\/wp-json\/wp\/v2\/pages\/3163","targetHints":{"allow":["GET"]}}],"collection":[{"href":"https:\/\/www.bartholet.swiss\/fr\/wp-json\/wp\/v2\/pages"}],"about":[{"href":"https:\/\/www.bartholet.swiss\/fr\/wp-json\/wp\/v2\/types\/page"}],"author":[{"embeddable":true,"href":"https:\/\/www.bartholet.swiss\/fr\/wp-json\/wp\/v2\/users\/2"}],"replies":[{"embeddable":true,"href":"https:\/\/www.bartholet.swiss\/fr\/wp-json\/wp\/v2\/comments?post=3163"}],"version-history":[{"count":12,"href":"https:\/\/www.bartholet.swiss\/fr\/wp-json\/wp\/v2\/pages\/3163\/revisions"}],"predecessor-version":[{"id":6540,"href":"https:\/\/www.bartholet.swiss\/fr\/wp-json\/wp\/v2\/pages\/3163\/revisions\/6540"}],"wp:attachment":[{"href":"https:\/\/www.bartholet.swiss\/fr\/wp-json\/wp\/v2\/media?parent=3163"}],"curies":[{"name":"wp","href":"https:\/\/api.w.org\/{rel}","templated":true}]}}